{"id":3586,"date":"2025-08-08T21:05:20","date_gmt":"2025-08-08T21:05:20","guid":{"rendered":"https:\/\/content.scienceofecd.com\/transcript\/?page_id=3586"},"modified":"2025-08-20T14:08:23","modified_gmt":"2025-08-20T14:08:23","slug":"transcript-la-grenouille-en","status":"publish","type":"page","link":"https:\/\/content.scienceofecd.com\/transcript\/transcript-la-grenouille-en\/","title":{"rendered":"Transcript La Grenouille &#8211; EN"},"content":{"rendered":"\n<figure class=\"wp-block-table\"><table class=\"has-fixed-layout\"><thead><tr><th><strong>fran\u00e7ais<\/strong> [original]<\/th><th>English [translation]<\/th><\/tr><\/thead><tbody><tr><td>Adulte\u00a0: Oh, c&#8217;est quoi?<br>\u00a0<br>[Des enfants rient]<br>\u00a0<br>Adulte\u00a0: On fait tout doux les amis, hein.<br>\u00a0<br>[Des enfants rient]<br>\u00a0<br>Enfant\u00a0: Monsieur va comme \u00e7a.<br>\u00a0<br>Adulte\u00a0: Alors \u00e7a, c&#8217;est une GRE. C&#8217;est une grenouille, oui.<br>\u00a0<br>Enfant: Aimes-tu toucher?<br>\u00a0<br>Adulte\u00a0: Oui, on en a plusieurs au Manitoba.<br>\u00a0<br>Adulte\u00a0: On peut la toucher celle ici. Oui.<br>\u00a0<br>[Plusieurs enfants parlent]<br>\u00a0<br>Adulte\u00a0: Tu veux la toucher. Alors on fait tout doux parce que c&#8217;est un animal qui on veut le respecter.<br>\u00a0<br>Adulte\u00a0: Regardez sous son menton, comment il respire.<br>\u00a0<br>Adulte\u00a0: On voit son menton qui bouge hein<br>\u00a0<br>Adulte\u00a0: \u2026 tout doux. Okay.<br>\u00a0<br>Adulte\u00a0: Si vous voulez toucher, vous pouvez, on fait tout doux.<br>\u00a0<br>(plusieurs enfants parlent)<br>\u00a0<br>Adulte\u00a0: Est-ce que c&#8217;est doux?<br>\u00a0<br>Adulte\u00a0: Oui. Ou est-ce que c&#8217;est rugueux?<br>\u00a0<br>Enfants\u00a0: Doux.<br>\u00a0<br>Adulte\u00a0: C&#8217;est doux, h\u00e9. C&#8217;est un peu un peu collant.<br>\u00a0<br>Adulte\u00a0: Eh bien, demande Amelia, demande \u00ab\u00a0Je veux toucher.\u00a0\u00bb<br>\u00a0<br>Adulte\u00a0: Okay, est-ce que les amies pourraient laisser toucher Amelia s&#8217;il vous plait. Merci.<br>\u00a0<br>Adulte\u00a0: Tu ne veux pas toucher finalement? Ok, on va la rel\u00e2cher.<br>\u00a0<br>Adulte\u00a0: Vous \u00eates pr\u00eats? Non! On a besoin de la rel\u00e2cher, h\u00e9.<br>\u00a0<br>Adulte\u00a0: C&#8217;est un animal sauvage. Elle a besoin de retrouver sa libert\u00e9.<br>\u00a0<br>Adulte\u00a0: Alors attention, on va la faire partir par ici.<br>\u00a0<br>Adulte\u00a0: Attention, mes amis, je veux qu&#8217;on la laisse. Elle doit retrouver sa famille.<br>\u00a0<br>Adulte\u00a0: Oui, on va la laisser retrouver sa famille. C&#8217;est parti .<\/td><td>Adult: Oh, what is it?<br>\u00a0<br>(children laughing)<br>\u00a0<br>Adult: Gentle, gentle, my friends.<br>\u00a0<br>(children laughing)<br>\u00a0<br>Child: Teacher, go like this.<br>\u00a0<br>Adult: It\u2019s a fr..it\u2019s a frog, yes.<br>\u00a0<br>\u00a0<br>Child\u00a0: Do you like touching?<br>\u00a0<br>Adult: Yes, we have lots in Manitoba.<br>\u00a0<br>Adult: Yes, we can touch these.<br>\u00a0<br>[Multiple children talking]<br>\u00a0<br>Adult: You can touch it. Be gentle because it\u2019s an animal that we want to respect.<br>\u00a0<br>Adult: Look under his chin, how he breathes.<br>\u00a0<br>\u00a0<br>Adult: We can see his chin move, hey.<br>\u00a0<br>Adult: Gentle, gentle, okay.<br>\u00a0<br>Adult: If you want to touch, you can, very gently.<br>\u00a0<br>(Multiple children talking)<br>\u00a0<br>\u00a0<br>Adult: Is it soft?<br>\u00a0<br>Adult: Yes. Or is it rough?<br>\u00a0<br>Children: Soft.<br>\u00a0<br>Adult: It\u2019s soft, hey. It\u2019s a little bit sticky.<br>\u00a0<br>Adult: Well ask Amelia, ask \u201cI want to touch.\u201d<br>\u00a0<br>\u00a0<br>Adult: Okay, can our friends let Amelia touch please? Thank you.<br>\u00a0<br>Adult: You don\u2019t want to touch after all? Okay, we will let it go.<br>\u00a0<br>Adult: Are you ready? No! We need to let it go,<br>\u00a0<br>Adult: it\u2019s a wild animal. They need to be free.<br>\u00a0<br>\u00a0<br>\u00a0<br>Adult: So be careful, we will let it go over here.<br>\u00a0<br>Adult: Careful, friends, I want us to leave it alone.<br>\u00a0<br>\u00a0<br>Adult: They have to find their family. Yes, we will let it find its family. It\u2019s gone.<\/td><\/tr><\/tbody><\/table><\/figure>\n","protected":false},"excerpt":{"rendered":"<p>fran\u00e7ais [original] English [translation] Adulte\u00a0: Oh, c&#8217;est quoi?\u00a0[Des enfants rient]\u00a0Adulte\u00a0: On fait tout doux les amis, hein.\u00a0[Des enfants rient]\u00a0Enfant\u00a0: Monsieur va comme \u00e7a.\u00a0Adulte\u00a0: Alors \u00e7a, c&#8217;est une GRE. C&#8217;est une grenouille, oui.\u00a0Enfant: Aimes-tu toucher?\u00a0Adulte\u00a0: Oui, on en a plusieurs au Manitoba.\u00a0Adulte\u00a0: On peut la toucher celle ici. Oui.\u00a0[Plusieurs enfants parlent]\u00a0Adulte\u00a0: Tu veux la toucher. Alors [&hellip;]<\/p>\n","protected":false},"author":39,"featured_media":0,"parent":0,"menu_order":0,"comment_status":"closed","ping_status":"closed","template":"template-text-only.php","meta":{"_acf_changed":false,"footnotes":""},"class_list":["post-3586","page","type-page","status-publish","hentry"],"acf":[],"_links":{"self":[{"href":"https:\/\/content.scienceofecd.com\/transcript\/wp-json\/wp\/v2\/pages\/3586","targetHints":{"allow":["GET"]}}],"collection":[{"href":"https:\/\/content.scienceofecd.com\/transcript\/wp-json\/wp\/v2\/pages"}],"about":[{"href":"https:\/\/content.scienceofecd.com\/transcript\/wp-json\/wp\/v2\/types\/page"}],"author":[{"embeddable":true,"href":"https:\/\/content.scienceofecd.com\/transcript\/wp-json\/wp\/v2\/users\/39"}],"replies":[{"embeddable":true,"href":"https:\/\/content.scienceofecd.com\/transcript\/wp-json\/wp\/v2\/comments?post=3586"}],"version-history":[{"count":4,"href":"https:\/\/content.scienceofecd.com\/transcript\/wp-json\/wp\/v2\/pages\/3586\/revisions"}],"predecessor-version":[{"id":3606,"href":"https:\/\/content.scienceofecd.com\/transcript\/wp-json\/wp\/v2\/pages\/3586\/revisions\/3606"}],"wp:attachment":[{"href":"https:\/\/content.scienceofecd.com\/transcript\/wp-json\/wp\/v2\/media?parent=3586"}],"curies":[{"name":"wp","href":"https:\/\/api.w.org\/{rel}","templated":true}]}}