{"id":2798,"date":"2025-04-14T17:34:14","date_gmt":"2025-04-14T17:34:14","guid":{"rendered":"https:\/\/content.scienceofecd.com\/transcript\/?page_id=2798"},"modified":"2025-04-14T17:34:14","modified_gmt":"2025-04-14T17:34:14","slug":"transcript-shanker-developmental-expressions-of-stress-fr","status":"publish","type":"page","link":"https:\/\/content.scienceofecd.com\/transcript\/transcript-shanker-developmental-expressions-of-stress-fr\/","title":{"rendered":"Transcript Shanker \u2013 developmental expressions of stress \u2013 FR"},"content":{"rendered":"\n<p>Vous venez de me demander s\u2019il existe ce que nous pourrions appeler des \u00ab&nbsp;jalons du d\u00e9veloppement&nbsp;\u00bb, ou un nom semblable, pour diff\u00e9rencier la fa\u00e7on dont un tout-petit pourrait exprimer un comportement de stress comparativement \u00e0 un adolescent. Il est difficile de r\u00e9pondre \u00e0 cette question, et voici pourquoi. La r\u00e9ponse \u00e0 la premi\u00e8re partie de la question est \u00ab&nbsp;oui&nbsp;\u00bb. Habituellement, nous verrons chez les tout-petits des changements tr\u00e8s marqu\u00e9s dans la teinte de leur visage, ils pourraient devenir bl\u00eames ou encore tr\u00e8s rouges, ainsi que des changements prononc\u00e9s dans leur comportement vocal, g\u00e9n\u00e9ralement ils haussent le ton. Ils deviennent tr\u00e8s volatiles, ou labiles, pour utiliser le terme technique, et passent par toutes les \u00e9motions. Ce sont les expressions typiques des tout-petits d\u2019\u00e2ge pr\u00e9scolaire face au stress. Un des \u00e9l\u00e9ments pour lesquels les enfants s\u2019am\u00e9liorent est le camouflage de ces \u00e9motions brutes. Ils apprennent \u00e0 r\u00e9primer leurs expressions \u00e9motionnelles et autres. Lorsqu\u2019ils atteignent le d\u00e9but de l\u2019adolescence, ils sont m\u00eame capables de si bien inhiber leur anxi\u00e9t\u00e9, qu\u2019ils peuvent nous regarder dans les yeux et demeurer impassibles. Toutefois, si l\u2019anxi\u00e9t\u00e9 est suffisamment forte, si la stimulation est suffisamment puissante, cet enfant plus \u00e2g\u00e9 ou cet adolescent r\u00e9gressera au niveau d\u2019un tout petit. Les comportements r\u00e9gresseront aussi. Cela est tr\u00e8s difficile pour les parents qui ont, par exemple, un enfant plus \u00e2g\u00e9 ou un pr\u00e9adolescent qui agit vraiment comme un tout- petit, mais qu\u2019en raison de son \u00e2ge, ils insistent pour le traiter comme un jeune adulte. En fait, d\u2019un point de vue fonctionnel, ce qui se produit dans son cerveau est qu\u2019il est au niveau d\u2019un tout-petit. Je dirais m\u00eame que des adultes plus \u00e2g\u00e9s pourraient aussi r\u00e9gresser \u00e0 ce niveau.<\/p>\n","protected":false},"excerpt":{"rendered":"<p>Vous venez de me demander s\u2019il existe ce que nous pourrions appeler des \u00ab&nbsp;jalons du d\u00e9veloppement&nbsp;\u00bb, ou un nom semblable, pour diff\u00e9rencier la fa\u00e7on dont un tout-petit pourrait exprimer un comportement de stress comparativement \u00e0 un adolescent. Il est difficile de r\u00e9pondre \u00e0 cette question, et voici pourquoi. La r\u00e9ponse \u00e0 la premi\u00e8re partie de [&hellip;]<\/p>\n","protected":false},"author":39,"featured_media":0,"parent":0,"menu_order":0,"comment_status":"closed","ping_status":"closed","template":"template-text-only.php","meta":{"_acf_changed":false,"footnotes":""},"class_list":["post-2798","page","type-page","status-publish","hentry"],"acf":[],"_links":{"self":[{"href":"https:\/\/content.scienceofecd.com\/transcript\/wp-json\/wp\/v2\/pages\/2798","targetHints":{"allow":["GET"]}}],"collection":[{"href":"https:\/\/content.scienceofecd.com\/transcript\/wp-json\/wp\/v2\/pages"}],"about":[{"href":"https:\/\/content.scienceofecd.com\/transcript\/wp-json\/wp\/v2\/types\/page"}],"author":[{"embeddable":true,"href":"https:\/\/content.scienceofecd.com\/transcript\/wp-json\/wp\/v2\/users\/39"}],"replies":[{"embeddable":true,"href":"https:\/\/content.scienceofecd.com\/transcript\/wp-json\/wp\/v2\/comments?post=2798"}],"version-history":[{"count":1,"href":"https:\/\/content.scienceofecd.com\/transcript\/wp-json\/wp\/v2\/pages\/2798\/revisions"}],"predecessor-version":[{"id":2799,"href":"https:\/\/content.scienceofecd.com\/transcript\/wp-json\/wp\/v2\/pages\/2798\/revisions\/2799"}],"wp:attachment":[{"href":"https:\/\/content.scienceofecd.com\/transcript\/wp-json\/wp\/v2\/media?parent=2798"}],"curies":[{"name":"wp","href":"https:\/\/api.w.org\/{rel}","templated":true}]}}