{"id":2705,"date":"2025-04-10T19:57:27","date_gmt":"2025-04-10T19:57:27","guid":{"rendered":"https:\/\/content.scienceofecd.com\/transcript\/?page_id=2705"},"modified":"2025-04-10T19:57:27","modified_gmt":"2025-04-10T19:57:27","slug":"transcript-werker-studying-babies-of-depressed-mothers-fr","status":"publish","type":"page","link":"https:\/\/content.scienceofecd.com\/transcript\/transcript-werker-studying-babies-of-depressed-mothers-fr\/","title":{"rendered":"Transcript Werker \u2013 studying babies of depressed mothers \u2013 FR"},"content":{"rendered":"\n<p>La sensibilit\u00e9 aux propri\u00e9t\u00e9s de la langue maternelle est habituellement per\u00e7ue comme un syst\u00e8me autonome, comme si les stimuli linguistiques que l\u2019enfant re\u00e7oit, ou m\u00eame les interactions plus actives que l\u2019enfant a avec d\u2019autres interlocuteurs de sa langue fourniront au syst\u00e8me l\u2019information requise pour sensibiliser le syst\u00e8me perceptuel aux propri\u00e9t\u00e9s de la langue maternelle, puis d\u00e9clencheront toutes les s\u00e9quelles pour l\u2019acquisition de la langue. Il semble donc qu\u2019\u00e0 de nombreux \u00e9gards, l\u2019ensemble standard de donn\u00e9es indiquerait qu\u2019il s\u2019agit d\u2019une sensibilit\u00e9 perceptuelle progressant selon la maturation, et que les stimuli agissent au moment o\u00f9 le syst\u00e8me, le cerveau en d\u00e9veloppement ou les circuits du cerveau sont pr\u00eats \u00e0 \u00eatre sensibilis\u00e9s \u00e0 ces stimuli particuliers. Toutefois, nous savons que dans le syst\u00e8me visuel et d\u2019autres syst\u00e8mes perceptuels, les diff\u00e9rences environnementales plus extr\u00eames peuvent modifier le moment o\u00f9 se produit le changement. Les stimuli tr\u00e8s enrichis ou les produits pharmaceutiques, comme les m\u00e9dicaments, peuvent devancer le moment, et l\u2019\u00e9levage dans l\u2019obscurit\u00e9, c\u2019est-\u00e0-dire ne pas obtenir suffisamment de stimuli visuels ou ne pas en obtenir du tout, peuvent suspendre les p\u00e9riodes critiques ou sensibles et ainsi retarder le moment \u00e0 un \u00e2ge ult\u00e9rieur. Conjointement avec Takao&nbsp;Hensch et Tim&nbsp;Oberlander, qui \u00e9tudient la d\u00e9pression maternelle, et Whitney Weikum, nous nous sommes demand\u00e9s si l\u2019exposition \u00e0 certains agents pharmaceutiques, comme les antid\u00e9presseurs, les m\u00e9dicaments ou l\u2019exposition \u00e0 la d\u00e9pression maternelle non trait\u00e9e au moyen d\u2019antid\u00e9presseurs pouvaient influer sur le moment du changement d\u00e9veloppemental. Nous avons travaill\u00e9 avec une cohorte de m\u00e8res qui avaient \u00e9t\u00e9 d\u00e9prim\u00e9es tout au long de leur grossesse et qui avaient pris ou non des antid\u00e9presseurs, des inhibiteurs de la recapture de la s\u00e9rotonine (IRS), et les avons compar\u00e9es. Nous avions aussi un groupe t\u00e9moin, soit une cohorte de contr\u00f4le compos\u00e9e de m\u00e8res qui n\u2019\u00e9taient pas d\u00e9prim\u00e9es pendant la grossesse et avons test\u00e9 les b\u00e9b\u00e9s quant au moment o\u00f9 se produit la sensibilit\u00e9 aux propri\u00e9t\u00e9s de la langue maternelle. Il est ressorti de cela que l\u2019exposition \u00e0 la d\u00e9pression maternelle sans traitement aux IRS avait un effet sur le d\u00e9veloppement visuel semblable \u00e0 l\u2019\u00e9levage dans le noir, toute la trajectoire d\u00e9veloppementale \u00e9tant suspendue, de sorte qu\u2019\u00e0 l\u2019\u00e2ge de 10&nbsp;mois, les b\u00e9b\u00e9s distinguaient encore les diff\u00e9rences entre les consonnes n\u2019\u00e9tant pas dans la langue maternelle alors qu\u2019elles ne sont habituellement pas distingu\u00e9es \u00e0 cet \u00e2ge. Cela semblait changer la trajectoire du d\u00e9veloppement, mais nous ne savons pas si c\u2019est bien ou mauvais; nous devrons tester les r\u00e9sultats ult\u00e9rieurs, le cas \u00e9ch\u00e9ant. Cependant, chez les b\u00e9b\u00e9s dont la m\u00e8re avait \u00e9t\u00e9 d\u00e9prim\u00e9e et trait\u00e9e aux IRS durant toute la grossesse, nous avons observ\u00e9 qu\u2019ils ne distinguaient pas les diff\u00e9rences entre les consonnes ni les changements de langue visuels. Je devrais pr\u00e9ciser que le sch\u00e9ma de maintien dans les cas de d\u00e9pression maternelle non trait\u00e9e s\u2019appliquait aussi \u00e0 la distinction des changements de langue visuels. Ces enfants unilingues en d\u00e9veloppement distinguaient toujours le fran\u00e7ais de l\u2019anglais \u00e0 l\u2019\u00e2ge de 10&nbsp;mois. Ce retard est-il n\u00e9gatif ou est-ce simplement une trajectoire diff\u00e9rente? Chez les b\u00e9b\u00e9s expos\u00e9s aux IRS in utero, nous avons constat\u00e9 qu\u2019ils ne distinguaient plus les diff\u00e9rences entre les consonnes \u00e0&nbsp;6 ou \u00e0 10&nbsp;mois ni les changements de langue visuels \u00e0&nbsp;6 ou \u00e0 10&nbsp;mois.<\/p>\n","protected":false},"excerpt":{"rendered":"<p>La sensibilit\u00e9 aux propri\u00e9t\u00e9s de la langue maternelle est habituellement per\u00e7ue comme un syst\u00e8me autonome, comme si les stimuli linguistiques que l\u2019enfant re\u00e7oit, ou m\u00eame les interactions plus actives que l\u2019enfant a avec d\u2019autres interlocuteurs de sa langue fourniront au syst\u00e8me l\u2019information requise pour sensibiliser le syst\u00e8me perceptuel aux propri\u00e9t\u00e9s de la langue maternelle, puis [&hellip;]<\/p>\n","protected":false},"author":39,"featured_media":0,"parent":0,"menu_order":0,"comment_status":"closed","ping_status":"closed","template":"template-text-only.php","meta":{"_acf_changed":false,"footnotes":""},"class_list":["post-2705","page","type-page","status-publish","hentry"],"acf":[],"_links":{"self":[{"href":"https:\/\/content.scienceofecd.com\/transcript\/wp-json\/wp\/v2\/pages\/2705","targetHints":{"allow":["GET"]}}],"collection":[{"href":"https:\/\/content.scienceofecd.com\/transcript\/wp-json\/wp\/v2\/pages"}],"about":[{"href":"https:\/\/content.scienceofecd.com\/transcript\/wp-json\/wp\/v2\/types\/page"}],"author":[{"embeddable":true,"href":"https:\/\/content.scienceofecd.com\/transcript\/wp-json\/wp\/v2\/users\/39"}],"replies":[{"embeddable":true,"href":"https:\/\/content.scienceofecd.com\/transcript\/wp-json\/wp\/v2\/comments?post=2705"}],"version-history":[{"count":1,"href":"https:\/\/content.scienceofecd.com\/transcript\/wp-json\/wp\/v2\/pages\/2705\/revisions"}],"predecessor-version":[{"id":2706,"href":"https:\/\/content.scienceofecd.com\/transcript\/wp-json\/wp\/v2\/pages\/2705\/revisions\/2706"}],"wp:attachment":[{"href":"https:\/\/content.scienceofecd.com\/transcript\/wp-json\/wp\/v2\/media?parent=2705"}],"curies":[{"name":"wp","href":"https:\/\/api.w.org\/{rel}","templated":true}]}}