{"id":2703,"date":"2025-04-10T19:56:06","date_gmt":"2025-04-10T19:56:06","guid":{"rendered":"https:\/\/content.scienceofecd.com\/transcript\/?page_id=2703"},"modified":"2025-04-10T19:56:06","modified_gmt":"2025-04-10T19:56:06","slug":"transcript-matthews-glucocorticoids-and-the-epigenome-fr","status":"publish","type":"page","link":"https:\/\/content.scienceofecd.com\/transcript\/transcript-matthews-glucocorticoids-and-the-epigenome-fr\/","title":{"rendered":"Transcript Matthews \u2013 glucocorticoids and the epigenome \u2013 FR"},"content":{"rendered":"\n<p>Nous sommes tr\u00e8s int\u00e9ress\u00e9s par la fa\u00e7on dont les glucocortico\u00efdes interagissent avec l\u2019\u00e9pig\u00e9nome en d\u00e9veloppement. D\u2019autres \u00e9tudes de notre laboratoire avaient pour but de voir quels \u00e9taient les effets aigus des glucocortico\u00efdes sur l\u2019\u00e9pig\u00e9nome f\u0153tal, et \u00e9taient concentr\u00e9es sur l\u2019hippocampe. L\u2019hippocampe est une partie du cerveau jouant un r\u00f4le critique dans l\u2019apprentissage, la m\u00e9moire et de nombreuses autres fonctions. Il est aussi tr\u00e8s important parce qu\u2019il module l\u2019activit\u00e9 de l\u2019axe hypothalamo-hypophyso- surr\u00e9nalien, soit l\u2019axe du stress. Initialement, nous \u00e9tions concentr\u00e9s sur l\u2019hippocampe, mais nous cherchons aussi ailleurs dans l\u2019axe hypophyso-surr\u00e9nalien. Nous d\u00e9couvrons que les glucocortico\u00efdes ont un effet majeur sur l\u2019\u00e9pig\u00e9nome en d\u00e9veloppement. Nous avons montr\u00e9 que ces effets durent un long laps de temps, jusque dans la p\u00e9riode p\u00e9rinatale, et nous commen\u00e7ons aussi \u00e0 voir des effets \u00e0 l\u2019\u00e2ge adulte suivant cette exposition pr\u00e9natale aux glucocortico\u00efdes. Nous commen\u00e7ons alors \u00e0 comprendre certains de ces m\u00e9canismes. Une des choses qui est devenue de plus en plus claire dans tous nos travaux est la capacit\u00e9 ou la plasticit\u00e9 de l\u2019axe hypothalamo-hypophyso-surr\u00e9nalien, soit l\u2019axe HPA ou l\u2019axe du stress. Les premiers environnements, surtout celui du f\u0153tus, peuvent grandement influer sur le fonctionnement de ce syst\u00e8me pendant toute la vie de cet individu, qu\u2019il soit humain ou animal. C\u2019est un syst\u00e8me fondamental. Non seulement il r\u00e9gularise votre r\u00e9activit\u00e9 au stress, mais l\u2019axe HPA, surtout le cortisol, joue un r\u00f4le essentiel tout au long de la vie dans le maintien de l\u2019allocation des ressources. Il a des r\u00f4les majeurs dans la r\u00e9gulation du m\u00e9tabolisme et dans la reproduction. Tout ce qui a trait \u00e0 l\u2019allocation de ressources dans un individu fait intervenir des glucocortico\u00efdes. C\u2019est un peu comme si nous nous retrouvions de l\u2019autre c\u00f4t\u00e9. Les glucocortico\u00efdes sont tr\u00e8s importants dans la programmation du cerveau en d\u00e9veloppement. Une exposition aux glucocortico\u00efdes en jeune \u00e2ge peut avoir des effets de programmation sur l\u2019axe hypophyso-surr\u00e9nalien de cet individu, de sorte que la fonction de son axe est modifi\u00e9e tout au long de sa vie. La fonction hypophyso-surr\u00e9nalienne est critique au d\u00e9veloppement de plusieurs maladies ou \u00e0 la susceptibilit\u00e9 \u00e0 celles-ci; des maladies cardiom\u00e9taboliques et des troubles neurologiques ayant \u00e9t\u00e9 associ\u00e9s \u00e0 une r\u00e9gulation inad\u00e9quate du cortisol.<\/p>\n","protected":false},"excerpt":{"rendered":"<p>Nous sommes tr\u00e8s int\u00e9ress\u00e9s par la fa\u00e7on dont les glucocortico\u00efdes interagissent avec l\u2019\u00e9pig\u00e9nome en d\u00e9veloppement. D\u2019autres \u00e9tudes de notre laboratoire avaient pour but de voir quels \u00e9taient les effets aigus des glucocortico\u00efdes sur l\u2019\u00e9pig\u00e9nome f\u0153tal, et \u00e9taient concentr\u00e9es sur l\u2019hippocampe. L\u2019hippocampe est une partie du cerveau jouant un r\u00f4le critique dans l\u2019apprentissage, la m\u00e9moire et [&hellip;]<\/p>\n","protected":false},"author":39,"featured_media":0,"parent":0,"menu_order":0,"comment_status":"closed","ping_status":"closed","template":"template-text-only.php","meta":{"_acf_changed":false,"footnotes":""},"class_list":["post-2703","page","type-page","status-publish","hentry"],"acf":[],"_links":{"self":[{"href":"https:\/\/content.scienceofecd.com\/transcript\/wp-json\/wp\/v2\/pages\/2703","targetHints":{"allow":["GET"]}}],"collection":[{"href":"https:\/\/content.scienceofecd.com\/transcript\/wp-json\/wp\/v2\/pages"}],"about":[{"href":"https:\/\/content.scienceofecd.com\/transcript\/wp-json\/wp\/v2\/types\/page"}],"author":[{"embeddable":true,"href":"https:\/\/content.scienceofecd.com\/transcript\/wp-json\/wp\/v2\/users\/39"}],"replies":[{"embeddable":true,"href":"https:\/\/content.scienceofecd.com\/transcript\/wp-json\/wp\/v2\/comments?post=2703"}],"version-history":[{"count":1,"href":"https:\/\/content.scienceofecd.com\/transcript\/wp-json\/wp\/v2\/pages\/2703\/revisions"}],"predecessor-version":[{"id":2704,"href":"https:\/\/content.scienceofecd.com\/transcript\/wp-json\/wp\/v2\/pages\/2703\/revisions\/2704"}],"wp:attachment":[{"href":"https:\/\/content.scienceofecd.com\/transcript\/wp-json\/wp\/v2\/media?parent=2703"}],"curies":[{"name":"wp","href":"https:\/\/api.w.org\/{rel}","templated":true}]}}