{"id":2697,"date":"2025-04-10T19:52:11","date_gmt":"2025-04-10T19:52:11","guid":{"rendered":"https:\/\/content.scienceofecd.com\/transcript\/?page_id=2697"},"modified":"2025-04-10T19:52:11","modified_gmt":"2025-04-10T19:52:11","slug":"transcript-matthews-maternal-adversity-fr","status":"publish","type":"page","link":"https:\/\/content.scienceofecd.com\/transcript\/transcript-matthews-maternal-adversity-fr\/","title":{"rendered":"Transcript Matthews \u2013 maternal adversity \u2013 FR"},"content":{"rendered":"\n<p>Nous savons que le f\u0153tus traverse d\u2019\u00e9normes changements de la conception \u00e0 la naissance. Les deux cellules initiales se multiplient en des milliards de cellules. Nous commen\u00e7ons \u00e0 comprendre que l\u2019environnement entourant ces cellules, ces organes et cet organisme en d\u00e9veloppement peut avoir une incidence consid\u00e9rable sur la fa\u00e7on dont ces syst\u00e8mes sont assembl\u00e9s, ou sur leur programmation, si on peut dire. Il est maintenant de plus en plus clair que certains environnements particuliers peuvent avoir des effets tr\u00e8s profonds. Nous nous sommes surtout int\u00e9ress\u00e9s \u00e0 l\u2019environnement maternel dans le contexte de l\u2019anxi\u00e9t\u00e9 maternelle et du stress maternel, ainsi qu\u2019\u00e0 l\u2019exposition aux glucocortico\u00efdes. L\u2019adversit\u00e9 maternelle peut \u00e9videmment prendre plusieurs formes. Il y a de l\u2019adversit\u00e9 maternelle dans un contexte humain, par exemple, une fem me pourrait \u00eatre anxieuse. Une m\u00e8re pourrait \u00eatre d\u00e9prim\u00e9e pendant la grossesse. Nous savons maintenant que le stress parental ou l\u2019adversit\u00e9 pendant la grossesse peut activer l\u2019axe hypophyso-surr\u00e9nalien maternel. L\u2019axe hypophyso-surr\u00e9nalien et l\u2019axe hypophyso-surr\u00e9nalien f\u0153tal peuvent avoir de grandes incidences. On a constat\u00e9 dans de nombreux cas d\u2019anxi\u00e9t\u00e9 maternelle une hausse des concentrations de cortisol chez la m\u00e8re, et celles-ci entra\u00eenent une hausse des concentrations de cortisol chez le f\u0153tus. C\u2019est le cortisol, soit les glucocortico\u00efdes, qui \u00e9tablit le lien entre l\u2019adversit\u00e9 maternelle, l\u2019anxi\u00e9t\u00e9 maternelle et la programmation de la fonction apr\u00e8s la naissance.<\/p>\n","protected":false},"excerpt":{"rendered":"<p>Nous savons que le f\u0153tus traverse d\u2019\u00e9normes changements de la conception \u00e0 la naissance. Les deux cellules initiales se multiplient en des milliards de cellules. Nous commen\u00e7ons \u00e0 comprendre que l\u2019environnement entourant ces cellules, ces organes et cet organisme en d\u00e9veloppement peut avoir une incidence consid\u00e9rable sur la fa\u00e7on dont ces syst\u00e8mes sont assembl\u00e9s, ou [&hellip;]<\/p>\n","protected":false},"author":39,"featured_media":0,"parent":0,"menu_order":0,"comment_status":"closed","ping_status":"closed","template":"template-text-only.php","meta":{"_acf_changed":false,"footnotes":""},"class_list":["post-2697","page","type-page","status-publish","hentry"],"acf":[],"_links":{"self":[{"href":"https:\/\/content.scienceofecd.com\/transcript\/wp-json\/wp\/v2\/pages\/2697","targetHints":{"allow":["GET"]}}],"collection":[{"href":"https:\/\/content.scienceofecd.com\/transcript\/wp-json\/wp\/v2\/pages"}],"about":[{"href":"https:\/\/content.scienceofecd.com\/transcript\/wp-json\/wp\/v2\/types\/page"}],"author":[{"embeddable":true,"href":"https:\/\/content.scienceofecd.com\/transcript\/wp-json\/wp\/v2\/users\/39"}],"replies":[{"embeddable":true,"href":"https:\/\/content.scienceofecd.com\/transcript\/wp-json\/wp\/v2\/comments?post=2697"}],"version-history":[{"count":1,"href":"https:\/\/content.scienceofecd.com\/transcript\/wp-json\/wp\/v2\/pages\/2697\/revisions"}],"predecessor-version":[{"id":2698,"href":"https:\/\/content.scienceofecd.com\/transcript\/wp-json\/wp\/v2\/pages\/2697\/revisions\/2698"}],"wp:attachment":[{"href":"https:\/\/content.scienceofecd.com\/transcript\/wp-json\/wp\/v2\/media?parent=2697"}],"curies":[{"name":"wp","href":"https:\/\/api.w.org\/{rel}","templated":true}]}}