{"id":2691,"date":"2025-04-10T19:47:31","date_gmt":"2025-04-10T19:47:31","guid":{"rendered":"https:\/\/content.scienceofecd.com\/transcript\/?page_id=2691"},"modified":"2025-04-10T19:47:31","modified_gmt":"2025-04-10T19:47:31","slug":"transcript-weinberg-prenatal-alcohol-epigenetics-fr","status":"publish","type":"page","link":"https:\/\/content.scienceofecd.com\/transcript\/transcript-weinberg-prenatal-alcohol-epigenetics-fr\/","title":{"rendered":"Transcript Weinberg \u2013 prenatal alcohol &#038; epigenetics \u2013 FR"},"content":{"rendered":"\n<p>Un champ maintenant tr\u00e8s actif dans ce domaine, et dans lequel nous commen\u00e7ons aussi \u00e0 travailler avec nos coll\u00e8gues de l\u2019UCB, notamment Michael&nbsp;Kobor, notre collaborateur principal, est celui de l\u2019\u00e9pig\u00e9n\u00e9tique. L\u2019\u00e9pig\u00e9n\u00e9tique d\u00e9crit les modifications de l\u2019expression g\u00e9nique ayant lieu sans modification de l\u2019ADN. L\u2019ADN est ce qui compose les g\u00e8nes, et nous avons tous entendu parler de la notion de mutation g\u00e9n\u00e9tique, dans laquelle le g\u00e8ne subit une modification structurelle. L\u2019\u00e9pig\u00e9n\u00e9tique ne porte pas sur les modifications structurelles de l\u2019ADN. L\u2019ADN est normal et est le m\u00eame pour tous. Ce qui diff\u00e8re est la r\u00e9partition des g\u00e8nes activ\u00e9s ou inactiv\u00e9s, et le niveau auquel ils sont activ\u00e9s ou inactiv\u00e9s. Mike&nbsp;Kobor utilise toujours l\u2019exemple d\u2019un rh\u00e9ostat servant \u00e0 r\u00e9guler l\u2019\u00e9clairage. Nous pouvons allumer les lumi\u00e8res et les rendre plus claires ou plus sombres. C\u2019est ainsi qu\u2019on peut imaginer les changements dans l\u2019expression des g\u00e8nes. Ils sont exprim\u00e9s \u00e0 de haut ou \u00e0 de bas niveaux.&nbsp; L\u2019alcool et d\u2019autres pr\u00e9judices, comme les carences nutritionnelles, d\u2019autres facteurs toxiques dans l\u2019environnement et le stress en bas \u00e2ge, pr\u00e9natal et postnatal, semblent avoir des effets sur l\u2019expression g\u00e9nique, soit l\u2019activation ou l\u2019inactivation des g\u00e8nes. C\u2019est ce que nous commen\u00e7ons \u00e0 examiner dans notre travail, et nous nous int\u00e9ressons particuli\u00e8rement aux g\u00e8nes li\u00e9s aux syst\u00e8mes de stress et au syst\u00e8me immunitaire. Ce sont donc les champs que nous ciblons. Initialement, plut\u00f4t que de nous concentrer sur des g\u00e8nes pr\u00e9cis, nous avons r\u00e9alis\u00e9 une \u00e9tude plus globale des changements dans l\u2019expression g\u00e9nique en g\u00e9n\u00e9ral, examinant tous les g\u00e8nes du cerveau. Nous avons constat\u00e9 des changements propres \u00e0 l\u2019exposition pr\u00e9natale \u00e0 l\u2019alcool dans de nombreux g\u00e8nes situ\u00e9s \u00e0 diff\u00e9rents endroits du cerveau. Les g\u00e8nes que nous avons recens\u00e9s sont li\u00e9s au stress et \u00e0 la fonction immunitaire, li\u00e9s au d\u00e9veloppement normal et li\u00e9s \u00e0 la signalisation cellulaire, le fonctionnement des cellules. Ce sont les g\u00e8nes susceptibles d\u2019\u00eatre modifi\u00e9s par une substance comme l\u2019alcool, ou par une atteinte au corps. Nous avons trouv\u00e9 certains g\u00e8nes propres \u00e0 l\u2019alcool et continuons maintenant notre examen pour tenter de cibler plus pr\u00e9cis\u00e9ment les g\u00e8nes qui sont modifi\u00e9s et la fa\u00e7on dont ils le sont.<\/p>\n","protected":false},"excerpt":{"rendered":"<p>Un champ maintenant tr\u00e8s actif dans ce domaine, et dans lequel nous commen\u00e7ons aussi \u00e0 travailler avec nos coll\u00e8gues de l\u2019UCB, notamment Michael&nbsp;Kobor, notre collaborateur principal, est celui de l\u2019\u00e9pig\u00e9n\u00e9tique. L\u2019\u00e9pig\u00e9n\u00e9tique d\u00e9crit les modifications de l\u2019expression g\u00e9nique ayant lieu sans modification de l\u2019ADN. L\u2019ADN est ce qui compose les g\u00e8nes, et nous avons tous entendu [&hellip;]<\/p>\n","protected":false},"author":39,"featured_media":0,"parent":0,"menu_order":0,"comment_status":"closed","ping_status":"closed","template":"template-text-only.php","meta":{"_acf_changed":false,"footnotes":""},"class_list":["post-2691","page","type-page","status-publish","hentry"],"acf":[],"_links":{"self":[{"href":"https:\/\/content.scienceofecd.com\/transcript\/wp-json\/wp\/v2\/pages\/2691","targetHints":{"allow":["GET"]}}],"collection":[{"href":"https:\/\/content.scienceofecd.com\/transcript\/wp-json\/wp\/v2\/pages"}],"about":[{"href":"https:\/\/content.scienceofecd.com\/transcript\/wp-json\/wp\/v2\/types\/page"}],"author":[{"embeddable":true,"href":"https:\/\/content.scienceofecd.com\/transcript\/wp-json\/wp\/v2\/users\/39"}],"replies":[{"embeddable":true,"href":"https:\/\/content.scienceofecd.com\/transcript\/wp-json\/wp\/v2\/comments?post=2691"}],"version-history":[{"count":1,"href":"https:\/\/content.scienceofecd.com\/transcript\/wp-json\/wp\/v2\/pages\/2691\/revisions"}],"predecessor-version":[{"id":2692,"href":"https:\/\/content.scienceofecd.com\/transcript\/wp-json\/wp\/v2\/pages\/2691\/revisions\/2692"}],"wp:attachment":[{"href":"https:\/\/content.scienceofecd.com\/transcript\/wp-json\/wp\/v2\/media?parent=2691"}],"curies":[{"name":"wp","href":"https:\/\/api.w.org\/{rel}","templated":true}]}}