{"id":1039,"date":"2025-02-24T17:53:57","date_gmt":"2025-02-24T17:53:57","guid":{"rendered":"https:\/\/content.scienceofecd.com\/transcript\/?page_id=1039"},"modified":"2026-03-12T14:20:05","modified_gmt":"2026-03-12T14:20:05","slug":"read-the-scientific-method-fr","status":"publish","type":"page","link":"https:\/\/content.scienceofecd.com\/transcript\/read-the-scientific-method-fr\/","title":{"rendered":"Read The scientific method &#8211; FR"},"content":{"rendered":"\n<h2 class=\"wp-block-heading\"><strong>Identification et analyse d\u2019un probl\u00e8me<\/strong><\/h2>\n\n\n\n<p>La premi\u00e8re \u00e9tape dans une \u00e9tude de recherche est d&#8217;identification le probl\u00e8me \u00e0 r\u00e9soudre ou la question \u00e0 r\u00e9pondre. En se basant sur des th\u00e9ories, des exp\u00e9riences effectu\u00e9es pr\u00e9alablement, son intuition et peut-\u00eatre m\u00eame d&#8217;autres r\u00e9sultats de recherche, on \u00e9tablit une hypoth\u00e8se que l&#8217;on peut mettre \u00e0 l&#8217;essai. Une hypoth\u00e8se est form\u00e9e de suppositions bas\u00e9es sur une perspective th\u00e9orique et elle peut \u00eatre appuy\u00e9e par d&#8217;autres \u00e9tudes de recherche. Elle pr\u00e9dit aussi des comportements ou des \u00e9v\u00e8nements.<\/p>\n\n\n\n<p>Par exemple, on peut commencer par un probl\u00e8me que l&#8217;on d\u00e9sire r\u00e9soudre: comment les enfants apprennent-ils \u00e0 s&#8217;entendre? Si on base notre perspective th\u00e9orique sur la th\u00e9orie de l&#8217;apprentissage social, il est probable que l&#8217;on suppose que le modelage (apprentissage acquis en observant le comportement des autres) influe sur les comportements des enfants et sur comment ils interagissent avec les autres (Bandura, 1977). On peut vouloir examiner d&#8217;autres \u00e9tudes de recherche et trouver des cas qui appuient que le visionnement d&#8217;\u00e9missions violentes \u00e0 la t\u00e9l\u00e9vision est li\u00e9 \u00e0 de nombreux probl\u00e8mes de relations avec les pairs (Slaby et al, 1995). On peut aussi vouloir trouver des cas r\u00e9cents qui d\u00e9montrent que les aptitudes des enfants \u00e0 s&#8217;entendre avec les autres sont d\u00e9termin\u00e9es par des normes qu&#8217;ils s&#8217;imposent eux-m\u00eames selon la r\u00e9troaction qu&#8217;ils re\u00e7oivent des autres (Bandura, 1997). \u00c0 partir de cette information, on peut commencer \u00e0 former une hypoth\u00e8se: les enfants de 6\u00a0ans \u00e0 7\u00a0ans qui re\u00e7oivent constamment une r\u00e9troaction positive de la part de leurs parents et dont les parents d\u00e9montrent des relations saines sont plus enclins \u00e0 s&#8217;entendre avec les autres enfants, m\u00eame s&#8217;ils \u00e9coutent r\u00e9guli\u00e8rement des \u00e9missions de t\u00e9l\u00e9vision violentes.<\/p>\n\n\n\n<p>Cet exemple est la simplification d&#8217;un processus complexe. Au cours de la premi\u00e8re \u00e9tape du travail, les chercheurs doivent aller plus loin qu&#8217;une simple description g\u00e9n\u00e9rale du probl\u00e8me ou de la question. Ils doivent isoler, pr\u00e9ciser et se concentrer sur l&#8217;objet de leur recherche. Ils trouvent de nombreuses recherches li\u00e9es \u00e0 la question et un examen approfondi de ces recherches peut r\u00e9v\u00e9ler des r\u00e9sultats et des conclusions contradictoires.<\/p>\n\n\n\n<figure class=\"wp-block-table\"><table class=\"has-background\" style=\"background-color:#97c9cb\"><tbody><tr><td>Parfois, la recherche scientifique met \u00e0 l&#8217;essai une hypoth\u00e8se tir\u00e9e d&#8217;une th\u00e9orie contre une autre hypoth\u00e8se tir\u00e9e d&#8217;une autre th\u00e9orie. Dans l&#8217;exemple ci-dessus, on aborde la question \u00e0 savoir comment les enfants apprennent \u00e0 s&#8217;entendre en se basant sur la th\u00e9orie de l&#8217;apprentissage social. On peut comparer cette hypoth\u00e8se \u00e0 une autre tir\u00e9e d&#8217;une perspective psychanalytique, qui \u00e9nonce que les relations des enfants avec leurs pairs sont d\u00e9termin\u00e9es par leur relation avec leur m\u00e8re \u00e0 ses d\u00e9buts.<\/td><\/tr><\/tbody><\/table><\/figure>\n\n\n\n<p>Ainsi, \u00ab&nbsp;l&#8217;analyse du probl\u00e8me&nbsp;\u00bb est souvent un examen tr\u00e8s long d&#8217;\u00e9tudes men\u00e9es ant\u00e9rieurement. Elle est aussi grandement influenc\u00e9e par les suppositions de base de la perspective th\u00e9orique que l&#8217;on a choisie au d\u00e9but.<\/p>\n\n\n\n<h2 class=\"wp-block-heading\"><strong>Collecte de donn\u00e9es<\/strong><\/h2>\n\n\n\n<p>Une fois que le probl\u00e8me est identifi\u00e9 et que l&#8217;hypoth\u00e8se ou la question de recherche est claire, la prochaine \u00e9tape consiste \u00e0 accumuler de l&#8217;information ou des donn\u00e9es. La strat\u00e9gie de recherche pour la collecte de l&#8217;information est bas\u00e9e sur deux \u00e9l\u00e9ments principaux. Premi\u00e8rement, il faut choisir les m\u00e9thodes de recherche ou les m\u00e9thodes utilis\u00e9es pour accumuler syst\u00e9matiquement les donn\u00e9es. Deuxi\u00e8mement, il faut \u00e9tablir un concept de recherche, c&#8217;est-\u00e0-dire un plan g\u00e9n\u00e9ral pour l&#8217;\u00e9tude de recherche.<\/p>\n\n\n\n<p>Parmi les m\u00e9thodes de recherche, on trouve des techniques telles que l&#8217;observation m\u00e9thodique (dans un laboratoire sous surveillance ou dans un environnement naturel), les entrevues, les questionnaires et les sondages, les \u00e9tudes de cas (\u00e9tude approfondie d&#8217;un individu ou d&#8217;un petit groupe), et les tests normalis\u00e9s.<\/p>\n\n\n\n<p>Le concept de recherche se rapporte soit \u00e0 l&#8217;utilisation d&#8217;une strat\u00e9gie bas\u00e9e sur la corr\u00e9lation ou sur l&#8217;exp\u00e9rimentation ainsi que des limites de temps pour l&#8217;\u00e9tude, par exemple une \u00e9tude transversale ou une \u00e9tude longitudinale.&nbsp;&nbsp;&nbsp;<\/p>\n\n\n\n<h2 class=\"wp-block-heading\"><strong>Analyse de donn\u00e9es<\/strong><\/h2>\n\n\n\n<p>Une fois l&#8217;information accumul\u00e9e, les chercheurs doivent consid\u00e9rer ce qu&#8217;elle signifie. Cette analyse est bas\u00e9e sur la perspective th\u00e9orique, la m\u00e9thode de recherche et le concept de recherche de l&#8217;\u00e9tude. Chaque \u00e9tude fait partie d&#8217;un plus grand corpus de recherche, ce qui signifie que les conclusions que l&#8217;on tire sont consid\u00e9r\u00e9es \u00e0 la lumi\u00e8re des autres \u00e9tudes.<\/p>\n\n\n\n<p>L&#8217;analyse statistique fait partie de l&#8217;analyse de donn\u00e9es et est l&#8217;une d&#8217;une des fa\u00e7ons utilis\u00e9es par les chercheurs pour soutenir leurs hypoth\u00e8ses. Parmi d&#8217;autres choses, l&#8217;analyse statistique permet notamment au chercheur de consid\u00e9rer si les r\u00e9sultats de l&#8217;\u00e9chantillon \u00e9tudi\u00e9 sont repr\u00e9sentatifs de la population plus grande de laquelle on a tir\u00e9 l&#8217;\u00e9chantillon.&nbsp;<\/p>\n\n\n\n<p>L&#8217;analyse des donn\u00e9es permet d&#8217;examiner ce que l&#8217;on peut tirer d&#8217;une \u00e9tude, par exemple, les conclusions et les recommandations possibles.<br><\/p>\n\n\n\n<h3 class=\"wp-block-heading\">R\u00e9f\u00e9rences<\/h3>\n\n\n\n<p class=\" hangingIndentBH\">Bandura, A. (1997). Self-efficacy and health behaviour. In A. Baum, S. Newman, J. Wienman, R. West, &amp; C. McManus (Eds.), <em>Cambridge handbook of psychology, health and medicine<\/em> (pp. 160-162). Cambridge: Cambridge University Press.<\/p>\n\n\n\n<p class=\" hangingIndentBH\">Bandura, A. (1977) <em>Social Learning Theory. <\/em>Englewood Cliffs, NJ: Prentice Hall.<\/p>\n\n\n\n<p class=\" hangingIndentBH\">Slaby, R.G., Roedell, W.C., Arezzo, D., &amp; Hendrix, K. (1995) Early Violence Prevention. Washington, DC: National Association for the Education of Young Children.<\/p>\n","protected":false},"excerpt":{"rendered":"<p>Identification et analyse d\u2019un probl\u00e8me La premi\u00e8re \u00e9tape dans une \u00e9tude de recherche est d&#8217;identification le probl\u00e8me \u00e0 r\u00e9soudre ou la question \u00e0 r\u00e9pondre. En se basant sur des th\u00e9ories, des exp\u00e9riences effectu\u00e9es pr\u00e9alablement, son intuition et peut-\u00eatre m\u00eame d&#8217;autres r\u00e9sultats de recherche, on \u00e9tablit une hypoth\u00e8se que l&#8217;on peut mettre \u00e0 l&#8217;essai. Une hypoth\u00e8se [&hellip;]<\/p>\n","protected":false},"author":39,"featured_media":0,"parent":0,"menu_order":0,"comment_status":"closed","ping_status":"closed","template":"template-text-only.php","meta":{"_acf_changed":false,"footnotes":""},"class_list":["post-1039","page","type-page","status-publish","hentry"],"acf":[],"_links":{"self":[{"href":"https:\/\/content.scienceofecd.com\/transcript\/wp-json\/wp\/v2\/pages\/1039","targetHints":{"allow":["GET"]}}],"collection":[{"href":"https:\/\/content.scienceofecd.com\/transcript\/wp-json\/wp\/v2\/pages"}],"about":[{"href":"https:\/\/content.scienceofecd.com\/transcript\/wp-json\/wp\/v2\/types\/page"}],"author":[{"embeddable":true,"href":"https:\/\/content.scienceofecd.com\/transcript\/wp-json\/wp\/v2\/users\/39"}],"replies":[{"embeddable":true,"href":"https:\/\/content.scienceofecd.com\/transcript\/wp-json\/wp\/v2\/comments?post=1039"}],"version-history":[{"count":1,"href":"https:\/\/content.scienceofecd.com\/transcript\/wp-json\/wp\/v2\/pages\/1039\/revisions"}],"predecessor-version":[{"id":1040,"href":"https:\/\/content.scienceofecd.com\/transcript\/wp-json\/wp\/v2\/pages\/1039\/revisions\/1040"}],"wp:attachment":[{"href":"https:\/\/content.scienceofecd.com\/transcript\/wp-json\/wp\/v2\/media?parent=1039"}],"curies":[{"name":"wp","href":"https:\/\/api.w.org\/{rel}","templated":true}]}}