{"id":1023,"date":"2025-02-24T16:52:28","date_gmt":"2025-02-24T16:52:28","guid":{"rendered":"https:\/\/content.scienceofecd.com\/transcript\/?page_id=1023"},"modified":"2025-02-24T16:52:28","modified_gmt":"2025-02-24T16:52:28","slug":"read-stages-of-development-fr","status":"publish","type":"page","link":"https:\/\/content.scienceofecd.com\/transcript\/read-stages-of-development-fr\/","title":{"rendered":"Read Stages of development &#8211; FR"},"content":{"rendered":"\n<figure class=\"wp-block-table is-style-stripes\"><table><thead><tr><th><strong><strong>P\u00e9riode de d\u00e9veloppement<\/strong><\/strong><\/th><th><strong><strong>\u00c2ge<\/strong><\/strong><\/th><th><strong><strong><strong>Quelques caract\u00e9ristiques typiques:<\/strong><\/strong><\/strong><\/th><\/tr><\/thead><tbody><tr><td><strong><strong>P\u00e9riode pr\u00e9natale<\/strong><\/strong><\/td><td>Conception \u00e0 la naissance<br><\/td><td>Les 38 semaines de gestation comprennent les \u00e9tapes suivantes:<br><strong>Zygote <\/strong>\u2013 \u00c0 la conception, l\u2019ovule f\u00e9cond\u00e9 est un organisme monocellulaire. En 1 \u00e0 2 semaines, la vive division cellulaire est suivie par l\u2019attachement \u00e0 la paroi ut\u00e9rine.<br><strong>Embryon <\/strong>\u2013 Au cours de la 3e jusqu\u2019\u00e0 la 8<sup>e<\/sup> semaine, l\u2019embryon grandit gr\u00e2ce \u00e0 la division cellulaire rapide et forme trois couches cellulaires, qui deviennent plus tard les organes et les syst\u00e8mes du corps humain.\u00a0<br><strong>F\u0153tus <\/strong>\u2013 Tout au long du reste de la grossesse, \u00a0il y a une croissance rapide de tous les organes et les syst\u00e8mes ainsi que de la taille du f\u0153tus.<\/td><\/tr><tr><td>B\u00e9b\u00e9<\/td><td>Naissance \u00e0 1 an<br><\/td><td>\u00c0 la naissance, un enfant est compl\u00e8tement impuissant. Au cours de la premi\u00e8re ann\u00e9e, la croissance physique est rapide. Ses capacit\u00e9s motrices et ses aptitudes augmentent (bouger la t\u00eate, s\u2019asseoir, ramper, tirer pour se lever). Les pleurs du nouveau-n\u00e9 se transforment graduellement en formes diff\u00e9renci\u00e9es \u00a0d\u2019expression. Le b\u00e9b\u00e9 commence \u00e0 comprendre le langage. La m\u00e9moire et les aptitudes li\u00e9es \u00e0 l\u2019attention s\u2019accroissent au cours de la premi\u00e8re ann\u00e9e.\u00a0<\/td><\/tr><tr><td>Trottineur<\/td><td>1 \u00e0 2 ans<br><\/td><td>Une croissance physique accrue et un d\u00e9veloppement\u00a0 des gros muscles permettent au petit enfant de marcher, puis de grimper et de courir. Un d\u00e9veloppement des petits muscles permet au trottineur d\u2019\u00eatre plus ind\u00e9pendant, par exemple, il peut utiliser une cuill\u00e8re. La communication (compr\u00e9hension et expression) s\u2019am\u00e9liore rapidement par des gains importants en vocabulaire. Sa conscience de soi augmente. Des difficult\u00e9s \u00e0 exprimer ses \u00e9motions peuvent mener \u00e0 la frustration et\u00a0 des crises de col\u00e8re.<\/td><\/tr><tr><td>\u00c2ge pr\u00e9scolaire (petite enfance)<\/td><td>3 \u00e0 6 ans<br><\/td><td>La croissance physique commence \u00e0 ralentir comparativement aux premi\u00e8res ann\u00e9es. Les capacit\u00e9s motrices augmentent. Les mouvements sont plus coordonn\u00e9s et plus fluides. Les enfants en \u00e2ge pr\u00e9scolaire peuvent faire plus de choses par eux-m\u00eames, par exemple s\u2019habiller, manger, faire leur toilette. Au cours de ces ann\u00e9es, leurs aptitudes en communication s\u2019am\u00e9liorent et \u00e0 la fin de cette p\u00e9riode, la plupart des enfants peuvent \u00e9noncer et comprendre des phrases assez complexes. Les progr\u00e8s sociaux et \u00e9motionnels permettent aux enfants d\u2019\u00e2ge pr\u00e9scolaire de commencer \u00e0 n\u00e9gocier lors de conflits avec leurs amis. Leur pens\u00e9e a tendance \u00e0 \u00eatre \u00e9gocentrique, de leur point de vue seulement.<\/td><\/tr><tr><td>\u00c2ge scolaire<\/td><td>6 \u00e0 12 ans<br><\/td><td>Il y a une augmentation de la force, de l\u2019\u00e9quilibre et de l\u2019agilit\u00e9 et les aptitudes athl\u00e9tiques et motrices gagnent de la pr\u00e9cision. La pens\u00e9e et la r\u00e9solution de probl\u00e8me s\u2019am\u00e9liorent chez les enfants en \u00e2ge scolaire, car ils ont plus de logique et ils sont moins \u00e9gocentriques. La plupart des enfants apprennent \u00e0 lire, \u00e0 \u00e9crire et \u00e0 r\u00e9pondre aux attentes de l\u2019\u00e9cole. Pour de nombreux enfants, l\u2019influence des pairs devient plus importante.<\/td><\/tr><\/tbody><\/table><\/figure>\n","protected":false},"excerpt":{"rendered":"<p>P\u00e9riode de d\u00e9veloppement \u00c2ge Quelques caract\u00e9ristiques typiques: P\u00e9riode pr\u00e9natale Conception \u00e0 la naissance Les 38 semaines de gestation comprennent les \u00e9tapes suivantes:Zygote \u2013 \u00c0 la conception, l\u2019ovule f\u00e9cond\u00e9 est un organisme monocellulaire. En 1 \u00e0 2 semaines, la vive division cellulaire est suivie par l\u2019attachement \u00e0 la paroi ut\u00e9rine.Embryon \u2013 Au cours de la 3e [&hellip;]<\/p>\n","protected":false},"author":39,"featured_media":0,"parent":0,"menu_order":0,"comment_status":"closed","ping_status":"closed","template":"template-text-only.php","meta":{"_acf_changed":false,"footnotes":""},"class_list":["post-1023","page","type-page","status-publish","hentry"],"acf":[],"_links":{"self":[{"href":"https:\/\/content.scienceofecd.com\/transcript\/wp-json\/wp\/v2\/pages\/1023","targetHints":{"allow":["GET"]}}],"collection":[{"href":"https:\/\/content.scienceofecd.com\/transcript\/wp-json\/wp\/v2\/pages"}],"about":[{"href":"https:\/\/content.scienceofecd.com\/transcript\/wp-json\/wp\/v2\/types\/page"}],"author":[{"embeddable":true,"href":"https:\/\/content.scienceofecd.com\/transcript\/wp-json\/wp\/v2\/users\/39"}],"replies":[{"embeddable":true,"href":"https:\/\/content.scienceofecd.com\/transcript\/wp-json\/wp\/v2\/comments?post=1023"}],"version-history":[{"count":1,"href":"https:\/\/content.scienceofecd.com\/transcript\/wp-json\/wp\/v2\/pages\/1023\/revisions"}],"predecessor-version":[{"id":1024,"href":"https:\/\/content.scienceofecd.com\/transcript\/wp-json\/wp\/v2\/pages\/1023\/revisions\/1024"}],"wp:attachment":[{"href":"https:\/\/content.scienceofecd.com\/transcript\/wp-json\/wp\/v2\/media?parent=1023"}],"curies":[{"name":"wp","href":"https:\/\/api.w.org\/{rel}","templated":true}]}}