{"id":1021,"date":"2025-02-24T16:00:43","date_gmt":"2025-02-24T16:00:43","guid":{"rendered":"https:\/\/content.scienceofecd.com\/transcript\/?page_id=1021"},"modified":"2025-02-24T16:00:44","modified_gmt":"2025-02-24T16:00:44","slug":"read-what-do-you-notice-fr","status":"publish","type":"page","link":"https:\/\/content.scienceofecd.com\/transcript\/read-what-do-you-notice-fr\/","title":{"rendered":"Read What do you notice? &#8211; FR"},"content":{"rendered":"\n<p><em>Pendant que vous visionnez la vid\u00e9o, prenez note des caract\u00e9ristiques et des aptitudes manifest\u00e9es par les enfants.<\/em><\/p>\n\n\n\n<h2 class=\"wp-block-heading\"><strong><em><strong><em>B\u00e9b\u00e9 \u2013 Premi\u00e8re ann\u00e9e de vie<\/em><\/strong><\/em><\/strong><\/h2>\n\n\n\n<figure class=\"wp-block-table\"><table><tbody><tr><td>Nouveau-n\u00e9 (1 semaine) \u2013 Regarde Maman<br>.<br>.<\/td><\/tr><tr><td>Nouveau-n\u00e9 (5 semaines) \u2013 Premier sourire<br>.<br>.<\/td><\/tr><tr><td>B\u00e9b\u00e9 (4 mois et plus) \u2013 Joue avec maman<br>.<br>.<\/td><\/tr><tr><td>B\u00e9b\u00e9 (6 mois et plus) \u2013 Parle \u00e0 maman<br>.<br>.<\/td><\/tr><tr><td>\u00a0B\u00e9b\u00e9 (9 mois et plus) \u2013 Commence \u00e0 se d\u00e9placer\u00a0<br>.<br>.<\/td><\/tr><tr><td>B\u00e9b\u00e9 (12 mois) \u2013 Joue avec des jouets<br>.<br>.<\/td><\/tr><\/tbody><\/table><\/figure>\n\n\n\n<h2 class=\"wp-block-heading\"><strong><em><strong><em>Trottineur \u2013 \u00c2g\u00e9 entre 1 an et 3 ans \u00a0<\/em><\/strong><\/em><\/strong><\/h2>\n\n\n\n<figure class=\"wp-block-table\"><table><tbody><tr><td>Trottineur (14 mois) \u2013 Lecture avec\u00a0\u00e9ducatrice\u00a0<br>.<br>.<\/td><\/tr><tr><td>Trottineur (16 mois) \u2013 Entend un avion<br>.<br>.<\/td><\/tr><tr><td>Trottineur (20 mois et plus) &#8211; Joue \u00e0 coucou<br>.<br>.<\/td><\/tr><tr><td>Trottineur (2 ans et demi) \u2013 Construit une voiture<br>.<br>.<\/td><\/tr><\/tbody><\/table><\/figure>\n\n\n\n<h2 class=\"wp-block-heading\"><strong><em><strong><em>\u00c2ge pr\u00e9scolaire \u2013 \u00c2g\u00e9 entre 3 ans et 6 ans<\/em><\/strong><\/em><\/strong><\/h2>\n\n\n\n<figure class=\"wp-block-table\"><table><tbody><tr><td>Jouer avec de l\u2019eau et du sable<br>.<br>.<\/td><\/tr><tr><td>Tracer la silhouette<br>.<br>.<\/td><\/tr><tr><td>Empiler des bo\u00eetes de conserve<br>.<br>.<\/td><\/tr><tr><td>Faire semblant de cuisiner<br>.<br>.<\/td><\/tr><tr><td>Jouer avec des blocs<br>.<br>.<\/td><\/tr><tr><td>Jouer sur la glissade<br>.<br>.<\/td><\/tr><\/tbody><\/table><\/figure>\n","protected":false},"excerpt":{"rendered":"<p>Pendant que vous visionnez la vid\u00e9o, prenez note des caract\u00e9ristiques et des aptitudes manifest\u00e9es par les enfants. B\u00e9b\u00e9 \u2013 Premi\u00e8re ann\u00e9e de vie Nouveau-n\u00e9 (1 semaine) \u2013 Regarde Maman.. Nouveau-n\u00e9 (5 semaines) \u2013 Premier sourire.. B\u00e9b\u00e9 (4 mois et plus) \u2013 Joue avec maman.. B\u00e9b\u00e9 (6 mois et plus) \u2013 Parle \u00e0 maman.. \u00a0B\u00e9b\u00e9 (9 [&hellip;]<\/p>\n","protected":false},"author":39,"featured_media":0,"parent":0,"menu_order":0,"comment_status":"closed","ping_status":"closed","template":"template-text-only.php","meta":{"_acf_changed":false,"footnotes":""},"class_list":["post-1021","page","type-page","status-publish","hentry"],"acf":[],"_links":{"self":[{"href":"https:\/\/content.scienceofecd.com\/transcript\/wp-json\/wp\/v2\/pages\/1021","targetHints":{"allow":["GET"]}}],"collection":[{"href":"https:\/\/content.scienceofecd.com\/transcript\/wp-json\/wp\/v2\/pages"}],"about":[{"href":"https:\/\/content.scienceofecd.com\/transcript\/wp-json\/wp\/v2\/types\/page"}],"author":[{"embeddable":true,"href":"https:\/\/content.scienceofecd.com\/transcript\/wp-json\/wp\/v2\/users\/39"}],"replies":[{"embeddable":true,"href":"https:\/\/content.scienceofecd.com\/transcript\/wp-json\/wp\/v2\/comments?post=1021"}],"version-history":[{"count":1,"href":"https:\/\/content.scienceofecd.com\/transcript\/wp-json\/wp\/v2\/pages\/1021\/revisions"}],"predecessor-version":[{"id":1022,"href":"https:\/\/content.scienceofecd.com\/transcript\/wp-json\/wp\/v2\/pages\/1021\/revisions\/1022"}],"wp:attachment":[{"href":"https:\/\/content.scienceofecd.com\/transcript\/wp-json\/wp\/v2\/media?parent=1021"}],"curies":[{"name":"wp","href":"https:\/\/api.w.org\/{rel}","templated":true}]}}