{"id":7570,"date":"2012-10-18T20:06:46","date_gmt":"2012-10-18T20:06:46","guid":{"rendered":"http:\/\/content.scienceofecd.com\/third-edition-fr\/?page_id=7570"},"modified":"2026-03-26T20:56:51","modified_gmt":"2026-03-26T20:56:51","slug":"cc-references-and-transcripts","status":"publish","type":"page","link":"https:\/\/content.scienceofecd.com\/third-edition-fr\/cc-references-and-transcripts\/","title":{"rendered":"Information suppl\u00e9mentaire de SECD"},"content":{"rendered":"\n<h3 class=\"wp-block-heading\">R\u00e9f\u00e9rences:<\/h3>\n\n\n<div class=\"lazyblock-read-Z2nYs4n wp-block-lazyblock-read\"><div class=\"read context-container\">\n   <a target=\"_blank\" href=\"https:\/\/content.scienceofecd.com\/transcript\/2026-fr-na-ed-references\/\" class=\"tap-container\">\n      <div class=\"tap-icon\"><\/div>\n      <div class=\"tap-content\">\n         <span class=\"tap-label\">LIRE<\/span><span class=\"tap-description\">R\u00e9f\u00e9rences <\/span><\/span>      \n      <\/div>\n   <\/a>\n<\/div><\/div>\n\n\n<h3 class=\"wp-block-heading\">Remerciements:<\/h3>\n\n\n<div class=\"lazyblock-explore-U1qVi wp-block-lazyblock-explore\"><div class=\"explore context-container\">\n   <a target=\"_blank\" href=\"https:\/\/www.scienceofecd.com\/pages\/acknowledgments-fr\" class=\"tap-container\">\n      <div class=\"tap-icon\"><\/div>\n      <div class=\"tap-content\">\n         <span class=\"tap-label\">EXPLORER<\/span>\n         <span class=\"tap-description\">Remerciements<\/span>\n         \n      <\/div>\n   <\/a>\n<\/div>\n\n<\/div>\n\n\n<h3 class=\"wp-block-heading\">Suggestions de r\u00e9f\u00e9rences:<\/h3>\n\n\n<div class=\"lazyblock-read-1h7fLE wp-block-lazyblock-read\"><div class=\"read context-container\">\n   <a target=\"_blank\" href=\"https:\/\/secd-files.s3.amazonaws.com\/pdfs\/suggestedCitationsForSECDresources-FR.pdf?X-Amz-Content-Sha256=UNSIGNED-PAYLOAD&amp;X-Amz-Algorithm=AWS4-HMAC-SHA256&amp;X-Amz-Credential=AKIA3JEJM3JRLSOOGYBG%2F20260415%2Fus-east-1%2Fs3%2Faws4_request&amp;X-Amz-Date=20260415T191922Z&amp;X-Amz-SignedHeaders=host&amp;X-Amz-Expires=1000&amp;X-Amz-Signature=d62ef1bddec8fc7e6d67c263bdaca96119d831de2e52819b54b5ff94ec075e35\" class=\"tap-container\">\n      <div class=\"tap-icon\"><\/div>\n      <div class=\"tap-content\">\n         <span class=\"tap-label\">LIRE<\/span><span class=\"tap-description\">Citations sugg\u00e9r\u00e9es pour les ressources du SECD (Science of Early Child Development)<\/span><\/span>      \n      <\/div>\n   <\/a>\n<\/div><\/div>","protected":false},"excerpt":{"rendered":"<p>R\u00e9f\u00e9rences: Remerciements: Suggestions de r\u00e9f\u00e9rences:<\/p>\n","protected":false},"author":8,"featured_media":0,"parent":0,"menu_order":0,"comment_status":"open","ping_status":"open","template":"","meta":{"_acf_changed":false,"footnotes":""},"class_list":["post-7570","page","type-page","status-publish","hentry"],"acf":[],"_links":{"self":[{"href":"https:\/\/content.scienceofecd.com\/third-edition-fr\/wp-json\/wp\/v2\/pages\/7570","targetHints":{"allow":["GET"]}}],"collection":[{"href":"https:\/\/content.scienceofecd.com\/third-edition-fr\/wp-json\/wp\/v2\/pages"}],"about":[{"href":"https:\/\/content.scienceofecd.com\/third-edition-fr\/wp-json\/wp\/v2\/types\/page"}],"author":[{"embeddable":true,"href":"https:\/\/content.scienceofecd.com\/third-edition-fr\/wp-json\/wp\/v2\/users\/8"}],"replies":[{"embeddable":true,"href":"https:\/\/content.scienceofecd.com\/third-edition-fr\/wp-json\/wp\/v2\/comments?post=7570"}],"version-history":[{"count":15,"href":"https:\/\/content.scienceofecd.com\/third-edition-fr\/wp-json\/wp\/v2\/pages\/7570\/revisions"}],"predecessor-version":[{"id":16247,"href":"https:\/\/content.scienceofecd.com\/third-edition-fr\/wp-json\/wp\/v2\/pages\/7570\/revisions\/16247"}],"wp:attachment":[{"href":"https:\/\/content.scienceofecd.com\/third-edition-fr\/wp-json\/wp\/v2\/media?parent=7570"}],"curies":[{"name":"wp","href":"https:\/\/api.w.org\/{rel}","templated":true}]}}