{"id":9638,"date":"2018-05-03T20:09:35","date_gmt":"2018-05-03T20:09:35","guid":{"rendered":"http:\/\/content.scienceofecd.com\/fr-primer\/?page_id=9638"},"modified":"2025-05-02T15:08:41","modified_gmt":"2025-05-02T15:08:41","slug":"9-remerciements-references-et-transcriptions","status":"publish","type":"page","link":"https:\/\/content.scienceofecd.com\/fr-primer\/9-remerciements-references-et-transcriptions\/","title":{"rendered":"9. Remerciements, r\u00e9f\u00e9rences et transcriptions"},"content":{"rendered":"<div class=\"wp-block-image\">\n<figure class=\"alignright\"><a href=\"http:\/\/content.scienceofecd.com\/fr-primer\/files\/2018\/04\/consortium_logo.jpg\"><img loading=\"lazy\" decoding=\"async\" width=\"300\" height=\"147\" src=\"http:\/\/content.scienceofecd.com\/fr-primer\/files\/2018\/04\/consortium_logo-300x147.jpg\" alt=\"\" class=\"wp-image-9639\" srcset=\"https:\/\/content.scienceofecd.com\/fr-primer\/files\/2018\/04\/consortium_logo-300x147.jpg 300w, https:\/\/content.scienceofecd.com\/fr-primer\/files\/2018\/04\/consortium_logo-768x376.jpg 768w, https:\/\/content.scienceofecd.com\/fr-primer\/files\/2018\/04\/consortium_logo-1024x502.jpg 1024w\" sizes=\"auto, (max-width: 300px) 100vw, 300px\" \/><\/a><\/figure>\n<\/div>\n\n\n<p>Le SECD remercie chaleureusement le Consortium national de d\u00e9veloppement de ressources p\u00e9dagogiques en fran\u00e7ais au coll\u00e9gial pour la traduction et l\u2019adaptation de ce module.<\/p>\n\n\n\n<p>Nous tenons aussi \u00e0 reconnaitre les contributions de l\u2019Universit\u00e9 de Saint-Boniface et du Coll\u00e8ge communautaire du Nouveau-Brunswick (Campus de Campbellton).<\/p>\n\n\n\n<h3 class=\"wp-block-heading\">R\u00e9f\u00e9rences:<\/h3>\n\n\n\n<p><a href=\"https:\/\/secd-files.s3.amazonaws.com\/pdfs\/ReferencesIntroFR.pdf\" target=\"_blank\" rel=\"noreferrer noopener\">Introduction au d\u00e9veloppement de l\u2019enfant \u2013 R\u00e9f\u00e9rences<\/a><\/p>\n\n\n\n<h3 class=\"wp-block-heading\">Transcriptions:<\/h3>\n\n\n\n<p><a href=\"http:\/\/content.scienceofecd.com\/fr-primer\/files\/2018\/05\/IDDETranscriptions.pdf\" target=\"_blank\" rel=\"noreferrer noopener\">Introduction au d\u00e9veloppement de l\u2019enfant \u2013 Transcriptions<\/a><\/p>\n\n\n\n<h3 class=\"wp-block-heading\">Remerciements:<\/h3>\n\n\n<div class=\"lazyblock-explore-Yfj4c wp-block-lazyblock-explore\"><div class=\"explore context-container\">\n   <a target=\"_blank\" href=\"https:\/\/www.scienceofecd.com\/pages\/acknowledgments\" class=\"tap-container\">\n      <div class=\"tap-icon\"><\/div>\n      <div class=\"tap-content\">\n         <span class=\"tap-label\">EXPLORER<\/span>\n         <span class=\"tap-description\">Remerciements<\/span>\n         \n      <\/div>\n   <\/a>\n<\/div>\n\n<\/div>\n\n\n<h3 class=\"wp-block-heading\">Suggestions de r\u00e9f\u00e9rences:<\/h3>\n\n\n<div class=\"lazyblock-read-Z2waFGq wp-block-lazyblock-read\"><div class=\"read context-container\">\n   <a target=\"_blank\" href=\"https:\/\/secd-files.s3.amazonaws.com\/pdfs\/suggestedCitationsForSECDresources-FR.pdf?X-Amz-Content-Sha256=UNSIGNED-PAYLOAD&amp;X-Amz-Algorithm=AWS4-HMAC-SHA256&amp;X-Amz-Credential=AKIA3JEJM3JRLSOOGYBG%2F20260425%2Fus-east-1%2Fs3%2Faws4_request&amp;X-Amz-Date=20260425T150420Z&amp;X-Amz-SignedHeaders=host&amp;X-Amz-Expires=1000&amp;X-Amz-Signature=fe8d62f51c5cc5edaeb65898ed00fc5e6e590178b69b3da0a0fa24ef75de561d\" class=\"tap-container\">\n      <div class=\"tap-icon\"><\/div>\n      <div class=\"tap-content\">\n         <span class=\"tap-label\">LIRE<\/span><span class=\"tap-description\">Citations sugg\u00e9r\u00e9es pour les ressources du SECD (Science of Early Child Development)<\/span><\/span>      \n      <\/div>\n   <\/a>\n<\/div><\/div>\n\n\n<p id=\"tw-target-text\">&nbsp;<\/p>\n","protected":false},"excerpt":{"rendered":"<p>Le SECD remercie chaleureusement le Consortium national de d\u00e9veloppement de ressources p\u00e9dagogiques en fran\u00e7ais au coll\u00e9gial pour la traduction et l\u2019adaptation de ce module. Nous tenons aussi \u00e0 reconnaitre les contributions de l\u2019Universit\u00e9 de Saint-Boniface et du Coll\u00e8ge communautaire du Nouveau-Brunswick (Campus de Campbellton). R\u00e9f\u00e9rences: Introduction au d\u00e9veloppement de l\u2019enfant \u2013 R\u00e9f\u00e9rences Transcriptions: Introduction au [&hellip;]<\/p>\n","protected":false},"author":8,"featured_media":0,"parent":0,"menu_order":0,"comment_status":"closed","ping_status":"closed","template":"","meta":{"_acf_changed":false,"footnotes":""},"class_list":["post-9638","page","type-page","status-publish","hentry"],"acf":[],"_links":{"self":[{"href":"https:\/\/content.scienceofecd.com\/fr-primer\/wp-json\/wp\/v2\/pages\/9638","targetHints":{"allow":["GET"]}}],"collection":[{"href":"https:\/\/content.scienceofecd.com\/fr-primer\/wp-json\/wp\/v2\/pages"}],"about":[{"href":"https:\/\/content.scienceofecd.com\/fr-primer\/wp-json\/wp\/v2\/types\/page"}],"author":[{"embeddable":true,"href":"https:\/\/content.scienceofecd.com\/fr-primer\/wp-json\/wp\/v2\/users\/8"}],"replies":[{"embeddable":true,"href":"https:\/\/content.scienceofecd.com\/fr-primer\/wp-json\/wp\/v2\/comments?post=9638"}],"version-history":[{"count":39,"href":"https:\/\/content.scienceofecd.com\/fr-primer\/wp-json\/wp\/v2\/pages\/9638\/revisions"}],"predecessor-version":[{"id":9883,"href":"https:\/\/content.scienceofecd.com\/fr-primer\/wp-json\/wp\/v2\/pages\/9638\/revisions\/9883"}],"wp:attachment":[{"href":"https:\/\/content.scienceofecd.com\/fr-primer\/wp-json\/wp\/v2\/media?parent=9638"}],"curies":[{"name":"wp","href":"https:\/\/api.w.org\/{rel}","templated":true}]}}