{"id":9464,"date":"2015-11-04T19:53:52","date_gmt":"2015-11-04T19:53:52","guid":{"rendered":"http:\/\/content.scienceofecd.com\/fr-primer\/?page_id=9464"},"modified":"2025-11-14T20:30:15","modified_gmt":"2025-11-14T20:30:15","slug":"7-lorientation-positive","status":"publish","type":"page","link":"https:\/\/content.scienceofecd.com\/fr-primer\/7-lorientation-positive\/","title":{"rendered":"7. L&rsquo;orientation positive"},"content":{"rendered":"<div class=\"wp-block-image\">\n<figure class=\"alignleft\"><img decoding=\"async\" src=\"http:\/\/content.scienceofecd.com\/allied-health\/files\/2013\/10\/LSP5-300x199.jpg\" alt=\"Dans une classe, deux enfants et un adulte devant une table pointant une plante.\" class=\"wp-image-415\" title=\"LSP5\"\/><\/figure>\n<\/div>\n\n\n<p>Il y a de nombreux facteurs \u00e0 consid\u00e9rer pour travailler efficacement avec de jeunes enfants. Un des concepts de base consiste \u00e0 implanter les principes d&rsquo;une orientation positive. L&rsquo;<strong>orientation<\/strong> <strong>positive<\/strong> est un style particulier d&rsquo;interaction avec les jeunes enfants, qui consiste \u00e0 encourager certains comportements et \u00e0 d\u00e9courager d&rsquo;autres comportements moins d\u00e9sirables ou probl\u00e9matiques. Une connaissance de l&rsquo;orientation positive \u00e9quivaut \u00e0 poss\u00e9der un ensemble d&rsquo;outils qui supporte le d\u00e9veloppement des enfants.<\/p>\n\n\n<div class=\"lazyblock-key-full-1hPRDl wp-block-lazyblock-key-full\"><div class=\"key-full\">\n\n\n<p><strong><em>Pourquoi l&rsquo;orientation positive est-elle importante?<\/em><\/strong> Avez-vous d\u00e9j\u00e0 visit\u00e9 un lieu qui vous \u00e9tait nouveau et inconnu? Peut-\u00eatre les coutumes et la langue vous \u00e9taient-elles \u00e9trang\u00e8res? Maintenant, pensez \u00e0 un moment o\u00f9 vous vous \u00eates retrouv\u00e9 dans une telle situation, <strong>mais en la pr\u00e9sence d&rsquo;un guide<\/strong> \u2013 quelqu&rsquo;un qui connaissait tous les recoins de l&rsquo;endroit. De bien des fa\u00e7ons, les jeunes enfants sont comme des visiteurs qui ont beaucoup \u00e0 apprendre sur la mani\u00e8re de se comporter et d&rsquo;interagir. Les adultes peuvent leur servir de guides.<\/p>\n\n<\/div><\/div>\n\n\n<p>Le terme \u00ab&nbsp;positif&nbsp;\u00bb signifie d\u2019intervenir en donnant l&rsquo;exemple, et en disant et d\u00e9montrant aux enfants ce qu&rsquo;on veut qu&rsquo;ils fassent, plut\u00f4t que de leur dire \u00ab&nbsp;non&nbsp;\u00bb et \u00ab&nbsp;ne fait pas \u00e7a&nbsp;\u00bb. Cette technique est sp\u00e9cifique et claire pour que les enfants comprennent les limites et les possibilit\u00e9s. Lorsque les adultes orientent les jeunes enfants, ils aident ces enfants \u00e0 comprendre les limites et ce qui est acceptable selon une grande vari\u00e9t\u00e9 de situations et de relations. L&rsquo;orientation peut comprendre le fait de diriger, conduire, accompagner, modeler, rediriger et expliquer.<\/p>\n\n\n\n<p>Les attentes que nous avons envers les enfants et la fa\u00e7on dont nous nous y prenons pour les orienter individuellement varient grandement selon le stade de d\u00e9veloppement de l&rsquo;enfant et de ses capacit\u00e9s. Ce fait renforce l&rsquo;importance de comprendre le d\u00e9veloppement de l&rsquo;enfant et d&rsquo;en tenir compte.<\/p>\n\n\n\n<p>Dans la prochaine vid\u00e9o, la travailleuse sociale Rikki Fontaine explique qu\u2019il est particuli\u00e8rement important pour les parents d\u2019\u00eatre chaleureux et sensibles au cours des premi\u00e8res ann\u00e9es. Elle explique aussi que les limites claires procurent aux enfants la libert\u00e9 d\u2019explorer en toute s\u00e9curit\u00e9.<\/p>\n\n\n<div class=\"lazyblock-watch-expand-ZtNwkI wp-block-lazyblock-watch-expand\"><div class=\"watch-expand expand-container context-container\">\n   <div class=\"watch tap-to-expand tap-container\">\n      <div class=\"tap-icon\"><\/div>\n      <div class=\"tap-content\">\n         <span class=\"tap-label\">VISIONNER<\/span>\n         <span class=\"tap-description\">Fontaine &#8211; les aptitudes parentales (3:48)<\/span>\n        \n      <\/div>\n   <\/div>\n   <div class=\"output-content collapse\" style=\"height: 0px;\">\n      <div class=\"vimeo-container\">\n         <iframe webkitallowfullscreen=\"\" mozallowfullscreen=\"\" allowfullscreen=\"\" src=\"\/\/player.vimeo.com\/video\/156900948?api=1\" frameborder=\"0\"><\/iframe>\n      <\/div>\n   <\/div>\n<\/div><\/div>\n\n<div class=\"lazyblock-reflect-Z152zYW wp-block-lazyblock-reflect\"><div class=\"reflect\">\n\n\n<p>Fontaine affirme que l\u2019absence de limites est d\u00e9stabilisante. \u00cates-vous d\u2019accord? Pouvez-vous vous rappeler un moment de votre enfance o\u00f9 vous vous \u00eates retrouv\u00e9 dans une telle situation?<\/p>\n\n<\/div><\/div>\n\n\n<p>La prochaine page Web est fournie par l&rsquo;Association canadienne des programmes de ressources de la famille (FRP Canada). L\u2019auteure, Betsy Mann, offre des lignes directrices pour aider les parents \u00e0 \u00e9tablir des limites.<\/p>\n\n\n<div class=\"lazyblock-read-1o1bxi wp-block-lazyblock-read\"><div class=\"read context-container\">\n   <a target=\"_blank\" href=\"https:\/\/centredappuifamilial.ca\/wp-content\/uploads\/2018\/08\/Les-limites-c%CC%A7a-aide-a%CC%80-grandir.pdf#:~:text=Mais%20le%20manque%20de%20limites%20risque\" class=\"tap-container\">\n      <div class=\"tap-icon\"><\/div>\n      <div class=\"tap-content\">\n         <span class=\"tap-label\">LIRE<\/span><span class=\"tap-description\">Les limites, \u00e7a aide \u00e0 grandir<\/span><\/span>      \n      <\/div>\n   <\/a>\n<\/div><\/div>\n\n\n<p>Les deux prochaines lectures fournissent des renseignements concis pour tous les adultes intervenant aupr\u00e8s des enfants. La premi\u00e8re lecture, une brochure du Centre d\u2019excellence pour le d\u00e9veloppement des jeunes enfants, donne un aper\u00e7u des concepts cl\u00e9s pour orienter le comportement. La deuxi\u00e8me lecture, pr\u00e9par\u00e9e par le Centre de ressources Meilleur D\u00e9part, explique pourquoi le retrait est une technique probl\u00e9matique et conseille plut\u00f4t les moments de r\u00e9confort.<\/p>\n\n\n<div class=\"lazyblock-read-PvNQy wp-block-lazyblock-read\"><div class=\"read context-container\">\n   <a target=\"_blank\" href=\"http:\/\/www.enfant-encyclopedie.com\/sites\/default\/files\/docs\/coups-oeil\/la-discipline-info.pdf\" class=\"tap-container\">\n      <div class=\"tap-icon\"><\/div>\n      <div class=\"tap-content\">\n         <span class=\"tap-label\">LIRE<\/span><span class=\"tap-description\">La discipline: Une question de dosage<\/span><\/span>      \n      <\/div>\n   <\/a>\n<\/div><\/div>\n\n<div class=\"lazyblock-read-ZuNde9 wp-block-lazyblock-read\"><div class=\"read context-container\">\n   <a target=\"_blank\" href=\"https:\/\/centredappuifamilial.ca\/wp-content\/uploads\/2019\/01\/FAQ_Retraits_K70B.pdf\" class=\"tap-container\">\n      <div class=\"tap-icon\"><\/div>\n      <div class=\"tap-content\">\n         <span class=\"tap-label\">LIRE<\/span><span class=\"tap-description\">Foire aux questions &#8211; Le retrait<\/span><\/span>      \n      <\/div>\n   <\/a>\n<\/div><\/div>\n\n\n<p>La fa\u00e7on dont nous communiquons nos attentes est un facteur qui d\u00e9termine si nos tentatives d&rsquo;orientation procurent du soutien et si elles sont efficaces. Les mots utilis\u00e9s et le ton de la voix sont aussi tr\u00e8s importants. Dans la prochaine vid\u00e9o, D<sup>r<\/sup>&nbsp;Nathalie Di Francesco&nbsp;d\u00e9crit ses observations sur le fait que les adultes s&rsquo;adressent parfois de mani\u00e8re insinc\u00e8re aux enfants. Elle sugg\u00e8re des fa\u00e7ons de communiquer plus clairement.<\/p>\n\n\n<div class=\"lazyblock-watch-expand-thumbnail-xSbYi wp-block-lazyblock-watch-expand-thumbnail\"><div class=\"watch-expand expand-container context-container\">\n   <div class=\"watch tap-to-expand tap-container\">\n      <div class=\"tap-icon\"><\/div>\n      <div class=\"video-thumbnail\"><img decoding=\"async\" src=\"https:\/\/content.scienceofecd.com\/fr-primer\/files\/2022\/05\/160913906.jpg\"><\/div>\n      <div class=\"tap-content\">\n         <span class=\"tap-label\">VISIONNER<\/span><span class=\"tap-description\">Di Francesco &#8211; communication positive (3:36)<\/span>      \n         \n      <\/div>\n   <\/div>\n   <div class=\"output-content collapse\" style=\"height: auto;\">\n      <div class=\"vimeo-container\"><iframe frameborder=\"0\" webkitallowfullscreen=\"\" mozallowfullscreen=\"\" allowfullscreen=\"\" src=\"\/\/player.vimeo.com\/video\/160913906?api=1\"><\/iframe><\/div>\n   <\/div>\n<\/div>\n\n<\/div>\n\n\n<p>D<sup>r<\/sup> Di Francesco explique que parfois les adultes \u00e9vitent d\u2019adresser certains sujets ou de r\u00e9pondre honn\u00eatement aux questions des enfants. Voici un conseil pour assurer une communication franche, en utilisant les termes corrects pour les parties du corps.<\/p>\n\n\n<div class=\"lazyblock-watch-expand-thumbnail-M6zFG wp-block-lazyblock-watch-expand-thumbnail\"><div class=\"watch-expand expand-container context-container\">\n   <div class=\"watch tap-to-expand tap-container\">\n      <div class=\"tap-icon\"><\/div>\n      <div class=\"video-thumbnail\"><img decoding=\"async\" src=\"https:\/\/content.scienceofecd.com\/fr-primer\/files\/2022\/05\/160915688.jpg\"><\/div>\n      <div class=\"tap-content\">\n         <span class=\"tap-label\">VISIONNER<\/span><span class=\"tap-description\">Di Francesco &#8211; communication franche (1:36)<\/span>      \n         \n      <\/div>\n   <\/div>\n   <div class=\"output-content collapse\" style=\"height: auto;\">\n      <div class=\"vimeo-container\"><iframe frameborder=\"0\" webkitallowfullscreen=\"\" mozallowfullscreen=\"\" allowfullscreen=\"\" src=\"\/\/player.vimeo.com\/video\/160915688?api=1\"><\/iframe><\/div>\n   <\/div>\n<\/div>\n\n<\/div>\n\n\n<p>V\u00e9rifiez vos connaissances en effectuant l&rsquo;activit\u00e9 suivante. Tentez d&rsquo;incorporer la suggestion de Di Francesco, qui recommande d&rsquo;\u00eatre direct dans ses propos.<\/p>\n\n\n<div class=\"lazyblock-interact-3NOMu wp-block-lazyblock-interact\"><div class=\"interact-link context-container\">\n  <a target=\"_blank\" href=\"http:\/\/hscsr.rrc.ca\/secd\/interactions\/primer-positiveStatements-Fr\/positiveStatements-Fr.html\" class=\"tap-container interact\">\n    <div class=\"tap-icon\"><\/div>\n    <div class=\"tap-content\">\n      <span class=\"tap-label\">INTERAGIR<\/span>\n      <span class=\"tap-description\">Alternative positive<\/span>\n    <\/div>\n  <\/a>\n<\/div><\/div>","protected":false},"excerpt":{"rendered":"<p>Il y a de nombreux facteurs \u00e0 consid\u00e9rer pour travailler efficacement avec de jeunes enfants. Un des concepts de base consiste \u00e0 implanter les principes d&rsquo;une orientation positive. L&rsquo;orientation positive est un style particulier d&rsquo;interaction avec les jeunes enfants, qui consiste \u00e0 encourager certains comportements et \u00e0 d\u00e9courager d&rsquo;autres comportements moins d\u00e9sirables ou probl\u00e9matiques. Une [&hellip;]<\/p>\n","protected":false},"author":8,"featured_media":0,"parent":0,"menu_order":0,"comment_status":"closed","ping_status":"closed","template":"","meta":{"_acf_changed":false,"footnotes":""},"class_list":["post-9464","page","type-page","status-publish","hentry"],"acf":[],"_links":{"self":[{"href":"https:\/\/content.scienceofecd.com\/fr-primer\/wp-json\/wp\/v2\/pages\/9464","targetHints":{"allow":["GET"]}}],"collection":[{"href":"https:\/\/content.scienceofecd.com\/fr-primer\/wp-json\/wp\/v2\/pages"}],"about":[{"href":"https:\/\/content.scienceofecd.com\/fr-primer\/wp-json\/wp\/v2\/types\/page"}],"author":[{"embeddable":true,"href":"https:\/\/content.scienceofecd.com\/fr-primer\/wp-json\/wp\/v2\/users\/8"}],"replies":[{"embeddable":true,"href":"https:\/\/content.scienceofecd.com\/fr-primer\/wp-json\/wp\/v2\/comments?post=9464"}],"version-history":[{"count":31,"href":"https:\/\/content.scienceofecd.com\/fr-primer\/wp-json\/wp\/v2\/pages\/9464\/revisions"}],"predecessor-version":[{"id":9918,"href":"https:\/\/content.scienceofecd.com\/fr-primer\/wp-json\/wp\/v2\/pages\/9464\/revisions\/9918"}],"wp:attachment":[{"href":"https:\/\/content.scienceofecd.com\/fr-primer\/wp-json\/wp\/v2\/media?parent=9464"}],"curies":[{"name":"wp","href":"https:\/\/api.w.org\/{rel}","templated":true}]}}