{"id":9460,"date":"2015-11-04T19:49:17","date_gmt":"2015-11-04T19:49:17","guid":{"rendered":"http:\/\/content.scienceofecd.com\/fr-primer\/?page_id=9460"},"modified":"2025-09-12T13:43:09","modified_gmt":"2025-09-12T13:43:09","slug":"5-les-etapes-importa","status":"publish","type":"page","link":"https:\/\/content.scienceofecd.com\/fr-primer\/5-les-etapes-importa\/","title":{"rendered":"5. Les \u00e9tapes importantes du d\u00e9veloppement"},"content":{"rendered":"<div class=\"wp-block-image\">\n<figure class=\"alignleft\"><img decoding=\"async\" src=\"http:\/\/content.scienceofecd.com\/allied-health\/files\/2013\/10\/LSP2.jpg\" alt=\"B\u00e9b\u00e9 assis sur le plancher d\u2019une salle de jeu, regardant loin de la cam\u00e9ra, mettant un petit jouet en plastique dans sa bouche.\" class=\"wp-image-409\" title=\"LSP2\"\/><\/figure>\n<\/div>\n\n\n<p>Depuis longtemps on \u00e9tudie les enfants afin de dresser un portrait g\u00e9n\u00e9ral de leur d\u00e9veloppement \u00e0 diff\u00e9rents \u00e2ges. Les comp\u00e9tences et les aptitudes qui se manifestent \u00e0 des \u00e2ges sp\u00e9cifiques sont appel\u00e9es les \u00e9tapes importantes du d\u00e9veloppement. Ces \u00e9tapes importantes permettent de donner un aper\u00e7u des comp\u00e9tences et des aptitudes que la plupart des enfants poss\u00e8dent \u00e0 un \u00e2ge donn\u00e9. Par exemple, entre six et huit mois, la plupart des b\u00e9b\u00e9s peuvent s\u2019asseoir tous seuls. Les \u00e9tapes importantes procurent aussi de l\u2019information sur la progression ou l\u2019ordre typique du d\u00e9veloppement des aptitudes, ce qui permet de pr\u00e9voir la prochaine aptitude qu\u2019un enfant pourrait manifester. Par exemple, les b\u00e9b\u00e9s peuvent habituellement s\u2019asseoir seuls avant de pouvoir ramper. Cette association du comportement imm\u00e9diat et du comportement pr\u00e9vu d\u2019un enfant permet aux adultes d\u2019avoir des attentes r\u00e9alistes et raisonnables pour chaque enfant.<\/p>\n\n\n\n<p>Le lien suivant pr\u00e9sente des \u00e9tapes importantes du d\u00e9veloppement, class\u00e9es selon les domaines de d\u00e9veloppement et les \u00e2ges.<\/p>\n\n\n<div class=\"lazyblock-interact-Z1kJy37 wp-block-lazyblock-interact\"><div class=\"interact-link context-container\">\n  <a target=\"_blank\" href=\"http:\/\/hscsr.rrc.ca\/secd\/interactions\/primer-milestones\/milestones-Fr.html\" class=\"tap-container interact\">\n    <div class=\"tap-icon\"><\/div>\n    <div class=\"tap-content\">\n      <span class=\"tap-label\">INTERAGIR<\/span>\n      <span class=\"tap-description\">\u00c9tapes importantes du d\u00e9veloppement<\/span>\n    <\/div>\n  <\/a>\n<\/div><\/div>\n\n\n<p>Il est important de se rappeler qu\u2019une liste d&rsquo;\u00e9tapes importantes du d\u00e9veloppement n\u2019est qu\u2019un ensemble de lignes directrices et qu\u2019elle ne doit pas \u00eatre consid\u00e9r\u00e9e comme une \u00e9valuation (une \u00e9valuation normalis\u00e9e) du d\u00e9veloppement d\u2019un enfant. Les enfants se d\u00e9veloppent \u00e0 diff\u00e9rents rythmes, et il n\u2019est pas inhabituel pour un enfant de progresser davantage dans un domaine qu\u2019un autre. Si un nombre trop \u00e9lev\u00e9 d&rsquo;\u00e9tapes importantes non rencontr\u00e9es suscite de l\u2019inqui\u00e9tude, il est pr\u00e9f\u00e9rable de consulter un professionnel qui peut effectuer une \u00e9valuation. La Soci\u00e9t\u00e9 canadienne de p\u00e9diatrie souligne ce point dans la page web qui suit. Vous y trouverez un tableau pr\u00e9sentant les \u00e9tapes importantes du d\u00e9veloppement des enfants, du nouveau-n\u00e9 jusqu\u2019\u00e0 l\u2019\u00e2ge de 4 ans. Remarquez que le domaine du d\u00e9veloppement physique est divis\u00e9 en deux, soit la motricit\u00e9 fine et la motricit\u00e9 globale, tandis que les comp\u00e9tences sociales et les comp\u00e9tences du langage sont regroup\u00e9es.<\/p>\n\n\n<div class=\"lazyblock-explore-EsDW5 wp-block-lazyblock-explore\"><div class=\"explore context-container\">\n   <a target=\"_blank\" href=\"https:\/\/soinsdenosenfants.cps.ca\/handouts\/behavior-and-development\/your_childs_development\" class=\"tap-container\">\n      <div class=\"tap-icon\"><\/div>\n      <div class=\"tap-content\">\n         <span class=\"tap-label\">EXPLORER<\/span>\n         <span class=\"tap-description\">Le d\u00e9veloppement de votre enfant : \u00c0 quoi vous attendre<\/span>\n         \n      <\/div>\n   <\/a>\n<\/div>\n\n<\/div>\n\n\n<p>Dans la prochaine vid\u00e9o, D<sup>r<\/sup>&nbsp;Thomas Budniok explique comment les adultes responsables doivent \u00eatre conscients des attentes associ\u00e9es au d\u00e9veloppement afin d\u2019\u00eatre en mesure d\u2019\u00e9tablir un environnement s\u00e9curitaire.<\/p>\n\n\n<div class=\"lazyblock-watch-expand-Zlwmr4 wp-block-lazyblock-watch-expand\"><div class=\"watch-expand expand-container context-container\">\n   <div class=\"watch tap-to-expand tap-container\">\n      <div class=\"tap-icon\"><\/div>\n      <div class=\"tap-content\">\n         <span class=\"tap-label\">VISIONNER<\/span>\n         <span class=\"tap-description\">Budniok &#8211; les \u00e9tapes importantes du d\u00e9veloppement et la s\u00e9curit\u00e9 (2:40)<\/span>\n        \n      <\/div>\n   <\/div>\n   <div class=\"output-content collapse\" style=\"height: 0px;\">\n      <div class=\"vimeo-container\">\n         <iframe webkitallowfullscreen=\"\" mozallowfullscreen=\"\" allowfullscreen=\"\" src=\"\/\/player.vimeo.com\/video\/156900946?api=1\" frameborder=\"0\"><\/iframe>\n      <\/div>\n   <\/div>\n<\/div><\/div>\n\n<div class=\"lazyblock-reflect-1elHFj wp-block-lazyblock-reflect\"><div class=\"reflect\">\n\n\n<p>La lecture et la vid\u00e9o ci-dessus soulignent le fait qu\u2019anticiper ce qui les attend permet aux adultes de fournir des environnements s\u00e9curitaires pour les jeunes enfants. \u00c0 titre d\u2019exemples, quelles sont les mesures pratiques que doivent prendre les adultes responsables en ce qui concerne les \u00e9tapes suivantes?<br>\u2022 \u00c0 environ 1 an, les b\u00e9b\u00e9s peuvent \u00eatre timides autour d\u2019\u00e9trangers<br>\u2022 \u00c0 environ 2 ans, les trottineurs peuvent monter sur les chaises et en descendre<br>\u2022 \u00c0 environ 3 ans, les enfants peuvent ouvrir certains verrous<br>\u2022 \u00c0 environ 4 ans, les enfants aiment jouer \u00e0 faire semblant<\/p>\n\n<\/div><\/div>\n\n\n<p>Le site web About Kids Health de Toronto\u2019s Hospital for Sick Children fournit des informations sur les jalons du d\u00e9veloppement des enfants \u00e2g\u00e9s de cinq \u00e0 huit ans, par domaine : <a href=\"https:\/\/www.aboutkidshealth.ca\/healthaz\/developmental\/cognitive-development-in-school-age-children\/?language=fr\" target=\"_blank\" rel=\"noreferrer noopener\">d\u00e9veloppement cognitif<\/a>,\u00a0<a href=\"https:\/\/www.aboutkidshealth.ca\/healthaz\/developmental\/physical-development-in-school-age-children\/?language=fr\" target=\"_blank\" rel=\"noreferrer noopener\">d\u00e9veloppement physiologique<\/a>, and\u00a0<a href=\"https:\/\/www.aboutkidshealth.ca\/healthaz\/developmental\/social-and-emotional-development-in-school-age-children\/?language=fr\" target=\"_blank\" rel=\"noreferrer noopener\">d\u00e9veloppement social et \u00e9motionnel<\/a>.<\/p>\n\n\n\n<p>Jetons maintenant un regard sur certaines consid\u00e9rations importantes \u00e0 la pratique dont il faut tenir compte lorsqu\u2019on travaille avec de jeunes enfants, c\u2019est-\u00e0-dire l\u2019observation,&nbsp;l&rsquo;orientation positive,&nbsp;et la compr\u00e9hension du r\u00f4le du jeu dans le d\u00e9veloppement de l\u2019enfant.<\/p>\n","protected":false},"excerpt":{"rendered":"<p>Depuis longtemps on \u00e9tudie les enfants afin de dresser un portrait g\u00e9n\u00e9ral de leur d\u00e9veloppement \u00e0 diff\u00e9rents \u00e2ges. Les comp\u00e9tences et les aptitudes qui se manifestent \u00e0 des \u00e2ges sp\u00e9cifiques sont appel\u00e9es les \u00e9tapes importantes du d\u00e9veloppement. Ces \u00e9tapes importantes permettent de donner un aper\u00e7u des comp\u00e9tences et des aptitudes que la plupart des enfants [&hellip;]<\/p>\n","protected":false},"author":8,"featured_media":0,"parent":0,"menu_order":0,"comment_status":"closed","ping_status":"closed","template":"","meta":{"_acf_changed":false,"footnotes":""},"class_list":["post-9460","page","type-page","status-publish","hentry"],"acf":[],"_links":{"self":[{"href":"https:\/\/content.scienceofecd.com\/fr-primer\/wp-json\/wp\/v2\/pages\/9460","targetHints":{"allow":["GET"]}}],"collection":[{"href":"https:\/\/content.scienceofecd.com\/fr-primer\/wp-json\/wp\/v2\/pages"}],"about":[{"href":"https:\/\/content.scienceofecd.com\/fr-primer\/wp-json\/wp\/v2\/types\/page"}],"author":[{"embeddable":true,"href":"https:\/\/content.scienceofecd.com\/fr-primer\/wp-json\/wp\/v2\/users\/8"}],"replies":[{"embeddable":true,"href":"https:\/\/content.scienceofecd.com\/fr-primer\/wp-json\/wp\/v2\/comments?post=9460"}],"version-history":[{"count":24,"href":"https:\/\/content.scienceofecd.com\/fr-primer\/wp-json\/wp\/v2\/pages\/9460\/revisions"}],"predecessor-version":[{"id":9916,"href":"https:\/\/content.scienceofecd.com\/fr-primer\/wp-json\/wp\/v2\/pages\/9460\/revisions\/9916"}],"wp:attachment":[{"href":"https:\/\/content.scienceofecd.com\/fr-primer\/wp-json\/wp\/v2\/media?parent=9460"}],"curies":[{"name":"wp","href":"https:\/\/api.w.org\/{rel}","templated":true}]}}